{"id":3,"date":"2025-11-17T15:25:35","date_gmt":"2025-11-17T15:25:35","guid":{"rendered":"https:\/\/bumbeelabs.com\/?page_id=3"},"modified":"2026-03-25T08:11:19","modified_gmt":"2026-03-25T08:11:19","slug":"integritetspolicy","status":"publish","type":"page","link":"https:\/\/bumbeelabs.com\/sv\/privacy-policy\/","title":{"rendered":"Integritetspolicy"},"content":{"rendered":"<div data-elementor-type=\"wp-page\" data-elementor-id=\"3\" class=\"elementor elementor-3\" data-elementor-post-type=\"page\">\n\t\t\t\t<div class=\"elementor-element elementor-element-1458b9f e-con-full banner_section e-flex e-con e-parent\" data-id=\"1458b9f\" data-element_type=\"container\" data-e-type=\"container\">\n\t\t<div class=\"elementor-element elementor-element-6fdec88 e-con-full e-flex e-con e-child\" data-id=\"6fdec88\" data-element_type=\"container\" data-e-type=\"container\" data-settings=\"{&quot;background_background&quot;:&quot;classic&quot;}\">\n\t\t<div class=\"elementor-element elementor-element-ca96016 e-flex e-con-boxed e-con e-child\" data-id=\"ca96016\" data-element_type=\"container\" data-e-type=\"container\">\n\t\t\t\t\t<div class=\"e-con-inner\">\n\t\t\t\t<div class=\"elementor-element elementor-element-451b35c elementor-widget__width-initial elementor-widget elementor-widget-heading\" data-id=\"451b35c\" data-element_type=\"widget\" data-e-type=\"widget\" data-widget_type=\"heading.default\">\n\t\t\t\t\t<h1 class=\"elementor-heading-title elementor-size-default\">Integritetspolicy<\/h1>\t\t\t\t<\/div>\n\t\t\t\t\t<\/div>\n\t\t\t\t<\/div>\n\t\t\t\t<\/div>\n\t\t\t\t<\/div>\n\t\t<div class=\"elementor-element elementor-element-33b9701 e-con-full e-flex e-con e-parent\" data-id=\"33b9701\" data-element_type=\"container\" data-e-type=\"container\">\n\t\t<div class=\"elementor-element elementor-element-7b01a46 e-flex e-con-boxed e-con e-child\" data-id=\"7b01a46\" data-element_type=\"container\" data-e-type=\"container\">\n\t\t\t\t\t<div class=\"e-con-inner\">\n\t\t<div class=\"elementor-element elementor-element-b1e921f e-con-full e-flex e-con e-child\" data-id=\"b1e921f\" data-element_type=\"container\" data-e-type=\"container\">\n\t\t\t\t<div class=\"elementor-element elementor-element-0c81bd8 elementor-widget elementor-widget-heading\" data-id=\"0c81bd8\" data-element_type=\"widget\" data-e-type=\"widget\" data-widget_type=\"heading.default\">\n\t\t\t\t\t<h2 class=\"elementor-heading-title elementor-size-default\"><a href=\"https:\/\/bumbeelabs.com\/sv\">Hem<\/a><\/h2>\t\t\t\t<\/div>\n\t\t\t\t<div class=\"elementor-element elementor-element-620a4bb elementor-view-default elementor-widget elementor-widget-icon\" data-id=\"620a4bb\" data-element_type=\"widget\" data-e-type=\"widget\" data-widget_type=\"icon.default\">\n\t\t\t\t\t\t\t<div class=\"elementor-icon-wrapper\">\n\t\t\t<div class=\"elementor-icon\">\n\t\t\t<svg xmlns=\"http:\/\/www.w3.org\/2000\/svg\" width=\"8\" height=\"14\" viewbox=\"0 0 8 14\" fill=\"none\"><path d=\"M1 1L7 7L1 13\" stroke=\"black\" stroke-width=\"2\" stroke-linecap=\"round\" stroke-linejoin=\"round\"><\/path><\/svg>\t\t\t<\/div>\n\t\t<\/div>\n\t\t\t\t\t\t<\/div>\n\t\t\t\t<div class=\"elementor-element elementor-element-94b4c7f elementor-widget elementor-widget-heading\" data-id=\"94b4c7f\" data-element_type=\"widget\" data-e-type=\"widget\" data-widget_type=\"heading.default\">\n\t\t\t\t\t<h2 class=\"elementor-heading-title elementor-size-default\">Integritetspolicy<\/h2>\t\t\t\t<\/div>\n\t\t\t\t<\/div>\n\t\t\t\t\t<\/div>\n\t\t\t\t<\/div>\n\t\t\t\t<\/div>\n\t\t<div class=\"elementor-element elementor-element-0ce8e13 e-con-full e-flex e-con e-parent\" data-id=\"0ce8e13\" data-element_type=\"container\" data-e-type=\"container\">\n\t\t<div class=\"elementor-element elementor-element-0f11355 e-flex e-con-boxed e-con e-child\" data-id=\"0f11355\" data-element_type=\"container\" data-e-type=\"container\">\n\t\t\t\t\t<div class=\"e-con-inner\">\n\t\t<div class=\"elementor-element elementor-element-519b96a e-con-full e-flex e-con e-child\" data-id=\"519b96a\" data-element_type=\"container\" data-e-type=\"container\">\n\t\t<div class=\"elementor-element elementor-element-519c351 e-con-full e-flex e-con e-child\" data-id=\"519c351\" data-element_type=\"container\" data-e-type=\"container\">\n\t\t\t\t<div class=\"elementor-element elementor-element-ff7500a elementor-widget elementor-widget-heading\" data-id=\"ff7500a\" data-element_type=\"widget\" data-e-type=\"widget\" data-widget_type=\"heading.default\">\n\t\t\t\t\t<h2 class=\"elementor-heading-title elementor-size-default\">Integritet<\/h2>\t\t\t\t<\/div>\n\t\t\t\t<div class=\"elementor-element elementor-element-cb26f72 elementor-widget elementor-widget-text-editor\" data-id=\"cb26f72\" data-element_type=\"widget\" data-e-type=\"widget\" data-widget_type=\"text-editor.default\">\n\t\t\t\t\t\t\t\t\t<p><strong>Detta \u00e4r en \u00f6versikt \u00f6ver hur vi behandlar de personuppgifter som Bumbee Labs samlar in under bes\u00f6ksfl\u00f6desunders\u00f6kningar och \u00e4ven hur vi behandlar personuppgifter fr\u00e5n kunder och andra intressenter, i enlighet med GDPR.<\/strong><\/p><p>Den personliga information vi hanterar hanteras p\u00e5 servrar i Europa.<\/p><p>Bumbee Labs f\u00f6ljer Datainspektionens beslut om hur systemet f\u00f6r bes\u00f6ksfl\u00f6desunders\u00f6kningar ska anpassas f\u00f6r att vara till\u00e5tet med h\u00e4nsyn till personuppgiftslagen och i f\u00f6rl\u00e4ngningen GDPR.<\/p>\t\t\t\t\t\t\t\t<\/div>\n\t\t\t\t<\/div>\n\t\t<div class=\"elementor-element elementor-element-240fd2f e-con-full e-flex e-con e-child\" data-id=\"240fd2f\" data-element_type=\"container\" data-e-type=\"container\">\n\t\t\t\t<div class=\"elementor-element elementor-element-fcd83d1 elementor-widget elementor-widget-image\" data-id=\"fcd83d1\" data-element_type=\"widget\" data-e-type=\"widget\" data-widget_type=\"image.default\">\n\t\t\t\t\t\t\t\t\t\t\t\t\t\t\t<img fetchpriority=\"high\" decoding=\"async\" width=\"1419\" height=\"1074\" src=\"https:\/\/bumbeelabs.com\/wp-content\/uploads\/2025\/12\/1-1-1.png\" class=\"attachment-full size-full wp-image-2232\" alt=\"Diagram \u00f6ver Wi-Fi-r\u00e4knesystem\" srcset=\"https:\/\/bumbeelabs.com\/wp-content\/uploads\/2025\/12\/1-1-1.png 1419w, https:\/\/bumbeelabs.com\/wp-content\/uploads\/2025\/12\/1-1-1-300x227.png 300w, https:\/\/bumbeelabs.com\/wp-content\/uploads\/2025\/12\/1-1-1-1024x775.png 1024w, https:\/\/bumbeelabs.com\/wp-content\/uploads\/2025\/12\/1-1-1-768x581.png 768w, https:\/\/bumbeelabs.com\/wp-content\/uploads\/2025\/12\/1-1-1-16x12.png 16w\" sizes=\"(max-width: 1419px) 100vw, 1419px\" \/>\t\t\t\t\t\t\t\t\t\t\t\t\t\t\t<\/div>\n\t\t\t\t<\/div>\n\t\t\t\t<\/div>\n\t\t\t\t<div class=\"elementor-element elementor-element-336f5c6 elementor-widget elementor-widget-text-editor\" data-id=\"336f5c6\" data-element_type=\"widget\" data-e-type=\"widget\" data-widget_type=\"text-editor.default\">\n\t\t\t\t\t\t\t\t\t<p>Enligt Datainspektionens beslut 2015-10-30 (dnr 1702-2015) var de vidtagna \u00e5tg\u00e4rderna tillr\u00e4ckliga f\u00f6r att komma till r\u00e4tta med de brister i bolagets behandling av personuppgifter med hj\u00e4lp av IOPS-systemet i V\u00e4ster\u00e5s City Center som Datainspektionen konstaterade i sitt beslut den 22 juni 2015 (dnr 2729-2014).<\/p><p>Bumbee Labs utf\u00f6r unders\u00f6kningar av bes\u00f6ksstatistik i olika offentliga milj\u00f6er. Syftet \u00e4r att ge intressenter b\u00e4ttre kunskap om oidentifierade fotfall och trafikfl\u00f6den, s\u00e5 att intressenter kan vidta l\u00e4mpliga \u00e5tg\u00e4rder f\u00f6r utvecklingen av dessa offentliga milj\u00f6er. Unders\u00f6kningen sker genom anonym registrering av Wi-Fi-signaler fr\u00e5n mobiltelefoner och datorer.<\/p><p>Bumbee Labs system \u00e4r utformat s\u00e5 att enskilda personers r\u00f6relser inte kan kartl\u00e4ggas. De MAC-adresser som samlas in, och som kan h\u00e4nf\u00f6ras till enskilda personers mobiltelefoner eller liknande utrustning, raderas o\u00e5terkalleligen omedelbart efter den registrering som kr\u00e4vs f\u00f6r att f\u00e5 statistik \u00f6ver hur m\u00e5nga personer som passerar p\u00e5 en viss plats.<\/p><p>Endast avidentifierad statistisk information kvarst\u00e5r, t.ex. antal passager f\u00f6rbi en viss geografisk plats och s.k. heat maps. Bumbee Labs har \u00e4ven installerat skyltar av olika slag som informerar bes\u00f6kare i omr\u00e5det f\u00f6r bes\u00f6ksunders\u00f6kningen. Om unders\u00f6kningen av bes\u00f6ksfl\u00f6det g\u00f6rs utan f\u00f6reg\u00e5ende samtycke fr\u00e5n bes\u00f6karen, samlas inga andra personuppgifter in.<\/p><p>I de fall m\u00e4tning av bes\u00f6ksfl\u00f6de sker med bes\u00f6karens aktiva samtycke kommer MAC-adressen att sparas upp till 6 m\u00e5nader efter att godk\u00e4nnande l\u00e4mnats och d\u00e4refter raderas automatiskt efter 6 m\u00e5nader. \u00d6vriga uppgifter som kan beg\u00e4ras in p\u00e5 kundens initiativ, s\u00e5som e-postadress, f\u00f6r- och efternamn samt adress, kan sparas upp till 6 m\u00e5nader och raderas d\u00e4refter automatiskt.<\/p><p>F\u00f6r kunder, potentiella kunder, samarbetspartners, leverant\u00f6rer och aktie\u00e4gare kan n\u00e5gon av f\u00f6ljande personuppgifter komma att lagras: namn, befattning, organisationsnummer, momsregistreringsnummer, leveransadress, fakturaadress, e-postadress och telefonnummer.<\/p><p>Syftet med att spara dessa personuppgifter \u00e4r att informera om v\u00e5r aff\u00e4rsutveckling och, om n\u00f6dv\u00e4ndigt, g\u00f6ra det m\u00f6jligt f\u00f6r oss att fullg\u00f6ra v\u00e5ra \u00e5taganden. Personuppgifter raderas manuellt av Bumbee Labs personal efter meddelande fr\u00e5n innehavaren av personuppgifterna.<\/p>\t\t\t\t\t\t\t\t<\/div>\n\t\t\t\t\t<\/div>\n\t\t\t\t<\/div>\n\t\t\t\t<\/div>\n\t\t<div class=\"elementor-element elementor-element-f846bf8 e-con-full e-flex e-con e-parent\" data-id=\"f846bf8\" data-element_type=\"container\" data-e-type=\"container\">\n\t\t<div class=\"elementor-element elementor-element-5b9cfea e-flex e-con-boxed e-con e-child\" data-id=\"5b9cfea\" data-element_type=\"container\" data-e-type=\"container\">\n\t\t\t\t\t<div class=\"e-con-inner\">\n\t\t<div class=\"elementor-element elementor-element-ca75d93 e-con-full e-flex e-con e-child\" data-id=\"ca75d93\" data-element_type=\"container\" data-e-type=\"container\">\n\t\t<div class=\"elementor-element elementor-element-7619e52 e-con-full e-flex e-con e-child\" data-id=\"7619e52\" data-element_type=\"container\" data-e-type=\"container\">\n\t\t\t\t<div class=\"elementor-element elementor-element-97490e5 elementor-widget elementor-widget-image\" data-id=\"97490e5\" data-element_type=\"widget\" data-e-type=\"widget\" data-widget_type=\"image.default\">\n\t\t\t\t\t\t\t\t\t\t\t\t\t\t\t<img decoding=\"async\" width=\"741\" height=\"493\" src=\"https:\/\/bumbeelabs.com\/wp-content\/uploads\/2025\/11\/13450315_OrgCoral_Eco-01_Concept-06-1.png\" class=\"attachment-full size-full wp-image-263\" alt=\"Grafik f\u00f6r h\u00e5llbar stadsplanering\" srcset=\"https:\/\/bumbeelabs.com\/wp-content\/uploads\/2025\/11\/13450315_OrgCoral_Eco-01_Concept-06-1.png 741w, https:\/\/bumbeelabs.com\/wp-content\/uploads\/2025\/11\/13450315_OrgCoral_Eco-01_Concept-06-1-300x200.png 300w\" sizes=\"(max-width: 741px) 100vw, 741px\" \/>\t\t\t\t\t\t\t\t\t\t\t\t\t\t\t<\/div>\n\t\t\t\t<\/div>\n\t\t<div class=\"elementor-element elementor-element-2f9d279 e-con-full message-custom-form e-flex e-con e-child\" data-id=\"2f9d279\" data-element_type=\"container\" data-e-type=\"container\">\n\t\t\t\t<div class=\"elementor-element elementor-element-50fe2bd elementor-widget elementor-widget-heading\" data-id=\"50fe2bd\" data-element_type=\"widget\" data-e-type=\"widget\" data-widget_type=\"heading.default\">\n\t\t\t\t\t<h2 class=\"elementor-heading-title elementor-size-default\">Skicka ett meddelande<\/h2>\t\t\t\t<\/div>\n\t\t\t\t<div class=\"elementor-element elementor-element-352a6e9 elementor-widget elementor-widget-text-editor\" data-id=\"352a6e9\" data-element_type=\"widget\" data-e-type=\"widget\" data-widget_type=\"text-editor.default\">\n\t\t\t\t\t\t\t\t\t<p>Fyll i formul\u00e4ret nedan s\u00e5 h\u00f6r vi av oss s\u00e5 snart som m\u00f6jligt.<\/p>\t\t\t\t\t\t\t\t<\/div>\n\t\t\t\t<div class=\"elementor-element elementor-element-15abab1 contact-form-shortcode elementor-widget elementor-widget-shortcode\" data-id=\"15abab1\" data-element_type=\"widget\" data-e-type=\"widget\" data-widget_type=\"shortcode.default\">\n\t\t\t\t\t\t\t<div class=\"elementor-shortcode\">\n<div class=\"wpcf7 no-js\" id=\"wpcf7-f1276-o1\" lang=\"en-US\" dir=\"ltr\" data-wpcf7-id=\"1276\">\n<div class=\"screen-reader-response\"><p role=\"status\" aria-live=\"polite\" aria-atomic=\"true\"><\/p> <ul><\/ul><\/div>\n<form action=\"\/sv\/wp-json\/wp\/v2\/pages\/3#wpcf7-f1276-o1\" method=\"post\" class=\"wpcf7-form init\" aria-label=\"Contact form\" novalidate=\"novalidate\" data-status=\"init\" data-trp-original-action=\"\/sv\/wp-json\/wp\/v2\/pages\/3#wpcf7-f1276-o1\">\n<fieldset class=\"hidden-fields-container\"><input type=\"hidden\" name=\"_wpcf7\" value=\"1276\" \/><input type=\"hidden\" name=\"_wpcf7_version\" value=\"6.1.5\" \/><input type=\"hidden\" name=\"_wpcf7_locale\" value=\"en_US\" \/><input type=\"hidden\" name=\"_wpcf7_unit_tag\" value=\"wpcf7-f1276-o1\" \/><input type=\"hidden\" name=\"_wpcf7_container_post\" value=\"0\" \/><input type=\"hidden\" name=\"_wpcf7_posted_data_hash\" value=\"\" \/><input type=\"hidden\" name=\"_wpcf7_recaptcha_response\" value=\"\" \/>\n<\/fieldset>\n<div class=\"contact-form-field\">\n\t<p><span class=\"wpcf7-form-control-wrap\" data-name=\"your-name\"><input size=\"40\" maxlength=\"400\" class=\"wpcf7-form-control wpcf7-text wpcf7-validates-as-required\" autocomplete=\"name\" aria-required=\"true\" aria-invalid=\"false\" placeholder=\"Namn*\" value=\"\" type=\"text\" name=\"your-name\" \/><\/span><br \/>\n<span class=\"wpcf7-form-control-wrap\" data-name=\"text-company\"><input size=\"40\" maxlength=\"400\" class=\"wpcf7-form-control wpcf7-text wpcf7-validates-as-required\" aria-required=\"true\" aria-invalid=\"false\" placeholder=\"F\u00f6retag*\" value=\"\" type=\"text\" name=\"text-company\" \/><\/span><br \/>\n<span class=\"wpcf7-form-control-wrap\" data-name=\"your-email\"><input size=\"40\" maxlength=\"400\" class=\"wpcf7-form-control wpcf7-email wpcf7-validates-as-required wpcf7-text wpcf7-validates-as-email\" autocomplete=\"email\" aria-required=\"true\" aria-invalid=\"false\" placeholder=\"Din E-mail*\" value=\"\" type=\"email\" name=\"your-email\" \/><\/span><br \/>\n<span class=\"wpcf7-form-control-wrap\" data-name=\"your-message\"><textarea cols=\"40\" rows=\"3\" maxlength=\"2000\" class=\"wpcf7-form-control wpcf7-textarea\" aria-invalid=\"false\" placeholder=\"Meddelande\" name=\"your-message\"><\/textarea><\/span><br \/>\n\t<input class=\"wpcf7-form-control wpcf7-hidden\" value=\"\" type=\"hidden\" name=\"page-title\" \/>\n\t<\/p>\n<\/div>\n<p><input class=\"wpcf7-form-control wpcf7-submit has-spinner\" type=\"submit\" value=\"Skicka\" \/>\n<\/p><p style=\"display: none !important;\" class=\"akismet-fields-container\" data-prefix=\"_wpcf7_ak_\"><label>\u0394<textarea name=\"_wpcf7_ak_hp_textarea\" cols=\"45\" rows=\"8\" maxlength=\"100\"><\/textarea><\/label><input type=\"hidden\" id=\"ak_js_1\" name=\"_wpcf7_ak_js\" value=\"127\"\/><script>document.getElementById( \"ak_js_1\" ).setAttribute( \"value\", ( new Date() ).getTime() );<\/script><\/p><div class=\"wpcf7-response-output\" aria-hidden=\"true\"><\/div>\n<input type=\"hidden\" name=\"trp-form-language\" value=\"sv\"\/><\/form>\n<\/div>\n<\/div>\n\t\t\t\t\t\t<\/div>\n\t\t\t\t<\/div>\n\t\t\t\t<\/div>\n\t\t\t\t\t<\/div>\n\t\t\t\t<\/div>\n\t\t\t\t<\/div>\n\t\t\t\t<\/div>","protected":false},"excerpt":{"rendered":"<p>Privacy Policy Home Privacy Policy Privacy This is an overview of how we treat the personal data Bumbee Labs collects during visitor flow surveys and also how we treat personal information of customers and other stakeholders, in accordance with GDPR. The personal information we handle, is handled on servers in Europe. Bumbee Labs complies with [&hellip;]<\/p>\n","protected":false},"author":3,"featured_media":0,"parent":0,"menu_order":0,"comment_status":"closed","ping_status":"closed","template":"","meta":{"footnotes":""},"class_list":["post-3","page","type-page","status-publish","hentry"],"_links":{"self":[{"href":"https:\/\/bumbeelabs.com\/sv\/wp-json\/wp\/v2\/pages\/3","targetHints":{"allow":["GET"]}}],"collection":[{"href":"https:\/\/bumbeelabs.com\/sv\/wp-json\/wp\/v2\/pages"}],"about":[{"href":"https:\/\/bumbeelabs.com\/sv\/wp-json\/wp\/v2\/types\/page"}],"author":[{"embeddable":true,"href":"https:\/\/bumbeelabs.com\/sv\/wp-json\/wp\/v2\/users\/3"}],"replies":[{"embeddable":true,"href":"https:\/\/bumbeelabs.com\/sv\/wp-json\/wp\/v2\/comments?post=3"}],"version-history":[{"count":10,"href":"https:\/\/bumbeelabs.com\/sv\/wp-json\/wp\/v2\/pages\/3\/revisions"}],"predecessor-version":[{"id":4436,"href":"https:\/\/bumbeelabs.com\/sv\/wp-json\/wp\/v2\/pages\/3\/revisions\/4436"}],"wp:attachment":[{"href":"https:\/\/bumbeelabs.com\/sv\/wp-json\/wp\/v2\/media?parent=3"}],"curies":[{"name":"wp","href":"https:\/\/api.w.org\/{rel}","templated":true}]}}