{"id":4511,"date":"2026-03-27T05:37:27","date_gmt":"2026-03-27T05:37:27","guid":{"rendered":"https:\/\/bumbeelabs.com\/?page_id=4511"},"modified":"2026-03-27T05:54:54","modified_gmt":"2026-03-27T05:54:54","slug":"tapaustutkimukset","status":"publish","type":"page","link":"https:\/\/bumbeelabs.com\/fi\/case-studies\/","title":{"rendered":"Tapaustutkimukset"},"content":{"rendered":"<div data-elementor-type=\"wp-page\" data-elementor-id=\"4511\" class=\"elementor elementor-4511\" data-elementor-post-type=\"page\">\n\t\t\t\t<div class=\"elementor-element elementor-element-fbc66c4 e-con-full banner_section e-flex e-con e-parent\" data-id=\"fbc66c4\" data-element_type=\"container\" data-e-type=\"container\">\n\t\t<div class=\"elementor-element elementor-element-30ea9cf e-con-full e-flex e-con e-child\" data-id=\"30ea9cf\" data-element_type=\"container\" data-e-type=\"container\" data-settings=\"{&quot;background_background&quot;:&quot;classic&quot;}\">\n\t\t<div class=\"elementor-element elementor-element-10d887c e-flex e-con-boxed e-con e-child\" data-id=\"10d887c\" data-element_type=\"container\" data-e-type=\"container\">\n\t\t\t\t\t<div class=\"e-con-inner\">\n\t\t\t\t<div class=\"elementor-element elementor-element-931984d elementor-widget__width-initial elementor-widget elementor-widget-heading\" data-id=\"931984d\" data-element_type=\"widget\" data-e-type=\"widget\" data-widget_type=\"heading.default\">\n\t\t\t\t\t<h1 class=\"elementor-heading-title elementor-size-default\">Tapaustutkimukset\n<\/h1>\t\t\t\t<\/div>\n\t\t\t\t\t<\/div>\n\t\t\t\t<\/div>\n\t\t\t\t<\/div>\n\t\t\t\t<\/div>\n\t\t<div class=\"elementor-element elementor-element-9d4e836 e-flex e-con-boxed e-con e-child\" data-id=\"9d4e836\" data-element_type=\"container\" data-e-type=\"container\">\n\t\t\t\t\t<div class=\"e-con-inner\">\n\t\t<div class=\"elementor-element elementor-element-3ec1ec3 e-con-full e-flex e-con e-child\" data-id=\"3ec1ec3\" data-element_type=\"container\" data-e-type=\"container\">\n\t\t\t\t<div class=\"elementor-element elementor-element-659f337 elementor-widget elementor-widget-image\" data-id=\"659f337\" data-element_type=\"widget\" data-e-type=\"widget\" data-widget_type=\"image.default\">\n\t\t\t\t\t\t\t\t\t\t\t\t\t\t\t<img fetchpriority=\"high\" decoding=\"async\" width=\"493\" height=\"431\" src=\"https:\/\/bumbeelabs.com\/wp-content\/uploads\/2025\/11\/Mask-group-1-1.png\" class=\"attachment-full size-full wp-image-1046\" alt=\"Jalanalyysi-ohjelmistoalusta\" srcset=\"https:\/\/bumbeelabs.com\/wp-content\/uploads\/2025\/11\/Mask-group-1-1.png 493w, https:\/\/bumbeelabs.com\/wp-content\/uploads\/2025\/11\/Mask-group-1-1-300x262.png 300w\" sizes=\"(max-width: 493px) 100vw, 493px\" \/>\t\t\t\t\t\t\t\t\t\t\t\t\t\t\t<\/div>\n\t\t<div class=\"elementor-element elementor-element-5b45a06 e-con-full e-flex e-con e-child\" data-id=\"5b45a06\" data-element_type=\"container\" data-e-type=\"container\" data-settings=\"{&quot;background_background&quot;:&quot;classic&quot;}\">\n\t\t\t\t<div class=\"elementor-element elementor-element-d0e759b elementor-widget elementor-widget-heading\" data-id=\"d0e759b\" data-element_type=\"widget\" data-e-type=\"widget\" data-widget_type=\"heading.default\">\n\t\t\t\t\t<h2 class=\"elementor-heading-title elementor-size-default\">V\u00e4hitt\u00e4iskaupan ketju<\/h2>\t\t\t\t<\/div>\n\t\t\t\t<div class=\"elementor-element elementor-element-9310943 elementor-widget__width-initial elementor-widget elementor-widget-text-editor\" data-id=\"9310943\" data-element_type=\"widget\" data-e-type=\"widget\" data-widget_type=\"text-editor.default\">\n\t\t\t\t\t\t\t\t\t<p>V\u00e4hensi markkinointikustannuksia ~10%, optimoi henkil\u00f6st\u00f6n aikataulutusta, poisti kuolleet alueet ja lis\u00e4si kannattavuutta.<\/p>\t\t\t\t\t\t\t\t<\/div>\n\t\t\t\t<\/div>\n\t\t\t\t<\/div>\n\t\t<div class=\"elementor-element elementor-element-232fd5c e-con-full e-flex e-con e-child\" data-id=\"232fd5c\" data-element_type=\"container\" data-e-type=\"container\">\n\t\t\t\t<div class=\"elementor-element elementor-element-80e0402 elementor-widget elementor-widget-image\" data-id=\"80e0402\" data-element_type=\"widget\" data-e-type=\"widget\" data-widget_type=\"image.default\">\n\t\t\t\t\t\t\t\t\t\t\t\t\t\t\t<img decoding=\"async\" width=\"493\" height=\"431\" src=\"https:\/\/bumbeelabs.com\/wp-content\/uploads\/2025\/11\/Mask-group-1-1-1.png\" class=\"attachment-full size-full wp-image-1054\" alt=\"Matkailukohde k\u00e4vij\u00e4m\u00e4\u00e4r\u00e4t\" srcset=\"https:\/\/bumbeelabs.com\/wp-content\/uploads\/2025\/11\/Mask-group-1-1-1.png 493w, https:\/\/bumbeelabs.com\/wp-content\/uploads\/2025\/11\/Mask-group-1-1-1-300x262.png 300w\" sizes=\"(max-width: 493px) 100vw, 493px\" \/>\t\t\t\t\t\t\t\t\t\t\t\t\t\t\t<\/div>\n\t\t<div class=\"elementor-element elementor-element-81b4b7c e-con-full e-flex e-con e-child\" data-id=\"81b4b7c\" data-element_type=\"container\" data-e-type=\"container\" data-settings=\"{&quot;background_background&quot;:&quot;classic&quot;}\">\n\t\t\t\t<div class=\"elementor-element elementor-element-e0b9264 elementor-widget elementor-widget-heading\" data-id=\"e0b9264\" data-element_type=\"widget\" data-e-type=\"widget\" data-widget_type=\"heading.default\">\n\t\t\t\t\t<h2 class=\"elementor-heading-title elementor-size-default\">Ostoskeskus (Tukholma)<\/h2>\t\t\t\t<\/div>\n\t\t\t\t<div class=\"elementor-element elementor-element-fc02454 elementor-widget__width-initial elementor-widget elementor-widget-text-editor\" data-id=\"fc02454\" data-element_type=\"widget\" data-e-type=\"widget\" data-widget_type=\"text-editor.default\">\n\t\t\t\t\t\t\t\t\t<p>Siirryttiin jalankulkuun perustuviin vuokriin, parannettiin vuokralaisten tyytyv\u00e4isyytt\u00e4 ja maksimoitiin mainostulot.<\/p>\t\t\t\t\t\t\t\t<\/div>\n\t\t\t\t<\/div>\n\t\t\t\t<\/div>\n\t\t<div class=\"elementor-element elementor-element-6156c99 e-con-full e-flex e-con e-child\" data-id=\"6156c99\" data-element_type=\"container\" data-e-type=\"container\">\n\t\t\t\t<div class=\"elementor-element elementor-element-7d0eae4 elementor-widget elementor-widget-image\" data-id=\"7d0eae4\" data-element_type=\"widget\" data-e-type=\"widget\" data-widget_type=\"image.default\">\n\t\t\t\t\t\t\t\t\t\t\t\t\t\t\t<img decoding=\"async\" width=\"493\" height=\"431\" src=\"https:\/\/bumbeelabs.com\/wp-content\/uploads\/2025\/11\/Mask-group-2-1-1.png\" class=\"attachment-full size-full wp-image-1055\" alt=\"Tulevaisuuden k\u00e4vij\u00e4trendien ennustaminen\" srcset=\"https:\/\/bumbeelabs.com\/wp-content\/uploads\/2025\/11\/Mask-group-2-1-1.png 493w, https:\/\/bumbeelabs.com\/wp-content\/uploads\/2025\/11\/Mask-group-2-1-1-300x262.png 300w\" sizes=\"(max-width: 493px) 100vw, 493px\" \/>\t\t\t\t\t\t\t\t\t\t\t\t\t\t\t<\/div>\n\t\t<div class=\"elementor-element elementor-element-4c799b9 e-con-full e-flex e-con e-child\" data-id=\"4c799b9\" data-element_type=\"container\" data-e-type=\"container\" data-settings=\"{&quot;background_background&quot;:&quot;classic&quot;}\">\n\t\t\t\t<div class=\"elementor-element elementor-element-ccce7a0 elementor-widget elementor-widget-heading\" data-id=\"ccce7a0\" data-element_type=\"widget\" data-e-type=\"widget\" data-widget_type=\"heading.default\">\n\t\t\t\t\t<h2 class=\"elementor-heading-title elementor-size-default\">V\u00e4ster\u00e5sin kaupunki<\/h2>\t\t\t\t<\/div>\n\t\t\t\t<div class=\"elementor-element elementor-element-1a2ec0b elementor-widget__width-initial elementor-widget elementor-widget-text-editor\" data-id=\"1a2ec0b\" data-element_type=\"widget\" data-e-type=\"widget\" data-widget_type=\"text-editor.default\">\n\t\t\t\t\t\t\t\t\t<p>Kaupungin keskustan k\u00e4vij\u00e4m\u00e4\u00e4r\u00e4n kasvu 7-20% edellisvuodesta, p\u00e4iv\u00e4- ja y\u00f6talouden vahvistuminen ja turvallisuuden parantuminen.<\/p>\t\t\t\t\t\t\t\t<\/div>\n\t\t\t\t<\/div>\n\t\t\t\t<\/div>\n\t\t\t\t\t<\/div>\n\t\t\t\t<\/div>\n\t\t<div class=\"elementor-element elementor-element-dcc6277 e-flex e-con-boxed e-con e-parent\" data-id=\"dcc6277\" data-element_type=\"container\" data-e-type=\"container\">\n\t\t\t\t\t<div class=\"e-con-inner\">\n\t\t\t\t<div class=\"elementor-element elementor-element-8e014c0 elementor-align-center elementor-widget elementor-widget-button\" data-id=\"8e014c0\" data-element_type=\"widget\" data-e-type=\"widget\" data-widget_type=\"button.default\">\n\t\t\t\t\t\t\t\t\t\t<a class=\"elementor-button elementor-button-link elementor-size-sm\" href=\"https:\/\/bumbeelabs.com\/fi\/teollisuudenalat\/\">\n\t\t\t\t\t\t<span class=\"elementor-button-content-wrapper\">\n\t\t\t\t\t\t\t\t\t<span class=\"elementor-button-text\">Katso kaikki tapaustutkimukset<\/span>\n\t\t\t\t\t<\/span>\n\t\t\t\t\t<\/a>\n\t\t\t\t\t\t\t\t<\/div>\n\t\t\t\t\t<\/div>\n\t\t\t\t<\/div>\n\t\t\t\t<\/div>","protected":false},"excerpt":{"rendered":"<p>Case studies Retail Chain Reduced marketing costs by ~10%, optimized staff scheduling, eliminated dead zones, and increased profitability. Shopping Mall (Stockholm) Transitioned to footfall-based rents, improved tenant satisfaction, and maximized advertising revenues. City of V\u00e4ster\u00e5s Increased city center visitors by 7\u201320% year-on-year, strengthened day &amp; night economies, and improved security. See All Case Studies<\/p>","protected":false},"author":4,"featured_media":0,"parent":0,"menu_order":0,"comment_status":"closed","ping_status":"closed","template":"","meta":{"footnotes":""},"class_list":["post-4511","page","type-page","status-publish","hentry"],"_links":{"self":[{"href":"https:\/\/bumbeelabs.com\/fi\/wp-json\/wp\/v2\/pages\/4511","targetHints":{"allow":["GET"]}}],"collection":[{"href":"https:\/\/bumbeelabs.com\/fi\/wp-json\/wp\/v2\/pages"}],"about":[{"href":"https:\/\/bumbeelabs.com\/fi\/wp-json\/wp\/v2\/types\/page"}],"author":[{"embeddable":true,"href":"https:\/\/bumbeelabs.com\/fi\/wp-json\/wp\/v2\/users\/4"}],"replies":[{"embeddable":true,"href":"https:\/\/bumbeelabs.com\/fi\/wp-json\/wp\/v2\/comments?post=4511"}],"version-history":[{"count":7,"href":"https:\/\/bumbeelabs.com\/fi\/wp-json\/wp\/v2\/pages\/4511\/revisions"}],"predecessor-version":[{"id":4520,"href":"https:\/\/bumbeelabs.com\/fi\/wp-json\/wp\/v2\/pages\/4511\/revisions\/4520"}],"wp:attachment":[{"href":"https:\/\/bumbeelabs.com\/fi\/wp-json\/wp\/v2\/media?parent=4511"}],"curies":[{"name":"wp","href":"https:\/\/api.w.org\/{rel}","templated":true}]}}