{"id":3,"date":"2025-11-17T15:25:35","date_gmt":"2025-11-17T15:25:35","guid":{"rendered":"https:\/\/bumbeelabs.com\/?page_id=3"},"modified":"2026-03-25T08:11:19","modified_gmt":"2026-03-25T08:11:19","slug":"tietosuojakaytanto","status":"publish","type":"page","link":"https:\/\/bumbeelabs.com\/fi\/privacy-policy\/","title":{"rendered":"Tietosuojak\u00e4yt\u00e4nt\u00f6"},"content":{"rendered":"<div data-elementor-type=\"wp-page\" data-elementor-id=\"3\" class=\"elementor elementor-3\" data-elementor-post-type=\"page\">\n\t\t\t\t<div class=\"elementor-element elementor-element-1458b9f e-con-full banner_section e-flex e-con e-parent\" data-id=\"1458b9f\" data-element_type=\"container\" data-e-type=\"container\">\n\t\t<div class=\"elementor-element elementor-element-6fdec88 e-con-full e-flex e-con e-child\" data-id=\"6fdec88\" data-element_type=\"container\" data-e-type=\"container\" data-settings=\"{&quot;background_background&quot;:&quot;classic&quot;}\">\n\t\t<div class=\"elementor-element elementor-element-ca96016 e-flex e-con-boxed e-con e-child\" data-id=\"ca96016\" data-element_type=\"container\" data-e-type=\"container\">\n\t\t\t\t\t<div class=\"e-con-inner\">\n\t\t\t\t<div class=\"elementor-element elementor-element-451b35c elementor-widget__width-initial elementor-widget elementor-widget-heading\" data-id=\"451b35c\" data-element_type=\"widget\" data-e-type=\"widget\" data-widget_type=\"heading.default\">\n\t\t\t\t\t<h1 class=\"elementor-heading-title elementor-size-default\">Tietosuojak\u00e4yt\u00e4nt\u00f6<\/h1>\t\t\t\t<\/div>\n\t\t\t\t\t<\/div>\n\t\t\t\t<\/div>\n\t\t\t\t<\/div>\n\t\t\t\t<\/div>\n\t\t<div class=\"elementor-element elementor-element-33b9701 e-con-full e-flex e-con e-parent\" data-id=\"33b9701\" data-element_type=\"container\" data-e-type=\"container\">\n\t\t<div class=\"elementor-element elementor-element-7b01a46 e-flex e-con-boxed e-con e-child\" data-id=\"7b01a46\" data-element_type=\"container\" data-e-type=\"container\">\n\t\t\t\t\t<div class=\"e-con-inner\">\n\t\t<div class=\"elementor-element elementor-element-b1e921f e-con-full e-flex e-con e-child\" data-id=\"b1e921f\" data-element_type=\"container\" data-e-type=\"container\">\n\t\t\t\t<div class=\"elementor-element elementor-element-0c81bd8 elementor-widget elementor-widget-heading\" data-id=\"0c81bd8\" data-element_type=\"widget\" data-e-type=\"widget\" data-widget_type=\"heading.default\">\n\t\t\t\t\t<h2 class=\"elementor-heading-title elementor-size-default\"><a href=\"https:\/\/bumbeelabs.com\/fi\">Etusivu<\/a><\/h2>\t\t\t\t<\/div>\n\t\t\t\t<div class=\"elementor-element elementor-element-620a4bb elementor-view-default elementor-widget elementor-widget-icon\" data-id=\"620a4bb\" data-element_type=\"widget\" data-e-type=\"widget\" data-widget_type=\"icon.default\">\n\t\t\t\t\t\t\t<div class=\"elementor-icon-wrapper\">\n\t\t\t<div class=\"elementor-icon\">\n\t\t\t<svg xmlns=\"http:\/\/www.w3.org\/2000\/svg\" width=\"8\" height=\"14\" viewbox=\"0 0 8 14\" fill=\"none\"><path d=\"M1 1L7 7L1 13\" stroke=\"black\" stroke-width=\"2\" stroke-linecap=\"round\" stroke-linejoin=\"round\"><\/path><\/svg>\t\t\t<\/div>\n\t\t<\/div>\n\t\t\t\t\t\t<\/div>\n\t\t\t\t<div class=\"elementor-element elementor-element-94b4c7f elementor-widget elementor-widget-heading\" data-id=\"94b4c7f\" data-element_type=\"widget\" data-e-type=\"widget\" data-widget_type=\"heading.default\">\n\t\t\t\t\t<h2 class=\"elementor-heading-title elementor-size-default\">Tietosuojak\u00e4yt\u00e4nt\u00f6<\/h2>\t\t\t\t<\/div>\n\t\t\t\t<\/div>\n\t\t\t\t\t<\/div>\n\t\t\t\t<\/div>\n\t\t\t\t<\/div>\n\t\t<div class=\"elementor-element elementor-element-0ce8e13 e-con-full e-flex e-con e-parent\" data-id=\"0ce8e13\" data-element_type=\"container\" data-e-type=\"container\">\n\t\t<div class=\"elementor-element elementor-element-0f11355 e-flex e-con-boxed e-con e-child\" data-id=\"0f11355\" data-element_type=\"container\" data-e-type=\"container\">\n\t\t\t\t\t<div class=\"e-con-inner\">\n\t\t<div class=\"elementor-element elementor-element-519b96a e-con-full e-flex e-con e-child\" data-id=\"519b96a\" data-element_type=\"container\" data-e-type=\"container\">\n\t\t<div class=\"elementor-element elementor-element-519c351 e-con-full e-flex e-con e-child\" data-id=\"519c351\" data-element_type=\"container\" data-e-type=\"container\">\n\t\t\t\t<div class=\"elementor-element elementor-element-ff7500a elementor-widget elementor-widget-heading\" data-id=\"ff7500a\" data-element_type=\"widget\" data-e-type=\"widget\" data-widget_type=\"heading.default\">\n\t\t\t\t\t<h2 class=\"elementor-heading-title elementor-size-default\">Yksityisyys<\/h2>\t\t\t\t<\/div>\n\t\t\t\t<div class=\"elementor-element elementor-element-cb26f72 elementor-widget elementor-widget-text-editor\" data-id=\"cb26f72\" data-element_type=\"widget\" data-e-type=\"widget\" data-widget_type=\"text-editor.default\">\n\t\t\t\t\t\t\t\t\t<p><strong>T\u00e4m\u00e4 on yleiskatsaus siit\u00e4, miten k\u00e4sittelemme Bumbee Labsin ker\u00e4\u00e4mi\u00e4 henkil\u00f6tietoja k\u00e4vij\u00e4virtatutkimusten aikana ja miten k\u00e4sittelemme asiakkaiden ja muiden sidosryhmien henkil\u00f6tietoja GDPR:n mukaisesti.<\/strong><\/p><p>K\u00e4ytt\u00e4mi\u00e4mme henkil\u00f6tietoja k\u00e4sitell\u00e4\u00e4n Euroopassa sijaitsevilla palvelimilla.<\/p><p>Bumbee Labs noudattaa Ruotsin tietosuojavaltuutetun p\u00e4\u00e4t\u00f6st\u00e4 siit\u00e4, miten k\u00e4vij\u00e4virtakyselyj\u00e4rjestelm\u00e4\u00e4 olisi mukautettava, jotta se olisi sallittua henkil\u00f6tietolain ja laajemmin GDPR:n kannalta.<\/p>\t\t\t\t\t\t\t\t<\/div>\n\t\t\t\t<\/div>\n\t\t<div class=\"elementor-element elementor-element-240fd2f e-con-full e-flex e-con e-child\" data-id=\"240fd2f\" data-element_type=\"container\" data-e-type=\"container\">\n\t\t\t\t<div class=\"elementor-element elementor-element-fcd83d1 elementor-widget elementor-widget-image\" data-id=\"fcd83d1\" data-element_type=\"widget\" data-e-type=\"widget\" data-widget_type=\"image.default\">\n\t\t\t\t\t\t\t\t\t\t\t\t\t\t\t<img fetchpriority=\"high\" decoding=\"async\" width=\"1419\" height=\"1074\" src=\"https:\/\/bumbeelabs.com\/wp-content\/uploads\/2025\/12\/1-1-1.png\" class=\"attachment-full size-full wp-image-2232\" alt=\"Wi-Fi-laskentaj\u00e4rjestelm\u00e4n kaavio\" srcset=\"https:\/\/bumbeelabs.com\/wp-content\/uploads\/2025\/12\/1-1-1.png 1419w, https:\/\/bumbeelabs.com\/wp-content\/uploads\/2025\/12\/1-1-1-300x227.png 300w, https:\/\/bumbeelabs.com\/wp-content\/uploads\/2025\/12\/1-1-1-1024x775.png 1024w, https:\/\/bumbeelabs.com\/wp-content\/uploads\/2025\/12\/1-1-1-768x581.png 768w, https:\/\/bumbeelabs.com\/wp-content\/uploads\/2025\/12\/1-1-1-16x12.png 16w\" sizes=\"(max-width: 1419px) 100vw, 1419px\" \/>\t\t\t\t\t\t\t\t\t\t\t\t\t\t\t<\/div>\n\t\t\t\t<\/div>\n\t\t\t\t<\/div>\n\t\t\t\t<div class=\"elementor-element elementor-element-336f5c6 elementor-widget elementor-widget-text-editor\" data-id=\"336f5c6\" data-element_type=\"widget\" data-e-type=\"widget\" data-widget_type=\"text-editor.default\">\n\t\t\t\t\t\t\t\t\t<p>Tietotarkastusp\u00e4\u00e4t\u00f6ksen 2015-10-30 (dnr 1702-2015) mukaan toteutetut toimenpiteet olivat riitt\u00e4v\u00e4t korjaamaan puutteet, jotka liittyiv\u00e4t yrityksen suorittamaan henkil\u00f6tietojen k\u00e4sittelyyn IOPS-j\u00e4rjestelm\u00e4n avulla V\u00e4ster\u00e5sin kaupungin keskustassa, kuten Tietotarkastusvirasto totesi p\u00e4\u00e4t\u00f6ksess\u00e4\u00e4n 22. kes\u00e4kuuta 2015 (dnr 2729-2014).<\/p><p>Bumbee Labs tekee tutkimuksia k\u00e4vij\u00e4tilastoista erilaisissa julkisissa ymp\u00e4rist\u00f6iss\u00e4. Tavoitteena on tarjota sidosryhmille parempaa tietoa tunnistamattomista k\u00e4vij\u00e4m\u00e4\u00e4rist\u00e4 ja liikennevirroista, jotta sidosryhm\u00e4t voivat ryhty\u00e4 asianmukaisiin toimenpiteisiin n\u00e4iden julkisten ymp\u00e4rist\u00f6jen kehitt\u00e4miseksi. Tutkimus tehd\u00e4\u00e4n rekister\u00f6im\u00e4ll\u00e4 anonyymisti matkapuhelinten ja tietokoneiden Wi-Fi-signaaleja.<\/p><p>Bumbee Labsin j\u00e4rjestelm\u00e4 on suunniteltu siten, ett\u00e4 yksil\u00f6iden liikkeit\u00e4 ei voida kartoittaa. Ker\u00e4tyt MAC-osoitteet, jotka voidaan yhdist\u00e4\u00e4 henkil\u00f6iden matkapuhelimiin tai vastaaviin laitteisiin, poistetaan peruuttamattomasti heti rekister\u00f6innin j\u00e4lkeen, jota tarvitaan tilastojen saamiseksi siit\u00e4, kuinka monta ihmist\u00e4 kulkee tietyss\u00e4 paikassa.<\/p><p>J\u00e4ljelle j\u00e4\u00e4v\u00e4t vain tunnistamattomat tilastotiedot, kuten tietyn maantieteellisen sijainnin ohi kulkeneiden henkil\u00f6iden m\u00e4\u00e4r\u00e4 ja niin sanotut l\u00e4mp\u00f6kartat. Bumbee Labs on my\u00f6s asentanut erityyppisi\u00e4 kylttej\u00e4, jotka kertovat alueella k\u00e4vij\u00f6ille k\u00e4vij\u00e4tutkimuksesta. Jos k\u00e4vij\u00e4virtatutkimus tehd\u00e4\u00e4n ilman k\u00e4vij\u00e4n ennakkosuostumusta, muita henkil\u00f6tietoja ei ker\u00e4t\u00e4.<\/p><p>Jos k\u00e4vij\u00e4virtojen mittaus tapahtuu k\u00e4vij\u00e4n aktiivisella suostumuksella, MAC-osoite tallennetaan enint\u00e4\u00e4n 6 kuukauden ajan suostumuksen antamisesta ja poistetaan automaattisesti 6 kuukauden kuluttua. Muut tiedot, joita voidaan pyyt\u00e4\u00e4 asiakkaan aloitteesta, kuten s\u00e4hk\u00f6postiosoite, etu- ja sukunimi ja osoite, voidaan tallentaa enint\u00e4\u00e4n 6 kuukauden ajaksi, mink\u00e4 j\u00e4lkeen ne poistetaan automaattisesti.<\/p><p>Asiakkaiden, potentiaalisten asiakkaiden, yhteisty\u00f6kumppaneiden, toimittajien ja osakkeenomistajien osalta voidaan tallentaa mit\u00e4 tahansa seuraavista henkil\u00f6tiedoista: nimi, asema, organisaationumero, alv-numero, toimitusosoite, laskutusosoite, s\u00e4hk\u00f6postiosoite ja puhelinnumero.<\/p><p>Henkil\u00f6tietojen tallentamisen tarkoituksena on tiedottaa liiketoimintamme edistymisest\u00e4 ja antaa meille tarvittaessa mahdollisuus t\u00e4ytt\u00e4\u00e4 sitoumuksemme. Bumbee Labin henkil\u00f6kunta poistaa henkil\u00f6tiedot manuaalisesti sen j\u00e4lkeen, kun henkil\u00f6tietojen haltija on ilmoittanut siit\u00e4.<\/p>\t\t\t\t\t\t\t\t<\/div>\n\t\t\t\t\t<\/div>\n\t\t\t\t<\/div>\n\t\t\t\t<\/div>\n\t\t<div class=\"elementor-element elementor-element-f846bf8 e-con-full e-flex e-con e-parent\" data-id=\"f846bf8\" data-element_type=\"container\" data-e-type=\"container\">\n\t\t<div class=\"elementor-element elementor-element-5b9cfea e-flex e-con-boxed e-con e-child\" data-id=\"5b9cfea\" data-element_type=\"container\" data-e-type=\"container\">\n\t\t\t\t\t<div class=\"e-con-inner\">\n\t\t<div class=\"elementor-element elementor-element-ca75d93 e-con-full e-flex e-con e-child\" data-id=\"ca75d93\" data-element_type=\"container\" data-e-type=\"container\">\n\t\t<div class=\"elementor-element elementor-element-7619e52 e-con-full e-flex e-con e-child\" data-id=\"7619e52\" data-element_type=\"container\" data-e-type=\"container\">\n\t\t\t\t<div class=\"elementor-element elementor-element-97490e5 elementor-widget elementor-widget-image\" data-id=\"97490e5\" data-element_type=\"widget\" data-e-type=\"widget\" data-widget_type=\"image.default\">\n\t\t\t\t\t\t\t\t\t\t\t\t\t\t\t<img decoding=\"async\" width=\"741\" height=\"493\" src=\"https:\/\/bumbeelabs.com\/wp-content\/uploads\/2025\/11\/13450315_OrgCoral_Eco-01_Concept-06-1.png\" class=\"attachment-full size-full wp-image-263\" alt=\"Kest\u00e4v\u00e4 kaupunkisuunnittelu graafinen\" srcset=\"https:\/\/bumbeelabs.com\/wp-content\/uploads\/2025\/11\/13450315_OrgCoral_Eco-01_Concept-06-1.png 741w, https:\/\/bumbeelabs.com\/wp-content\/uploads\/2025\/11\/13450315_OrgCoral_Eco-01_Concept-06-1-300x200.png 300w\" sizes=\"(max-width: 741px) 100vw, 741px\" \/>\t\t\t\t\t\t\t\t\t\t\t\t\t\t\t<\/div>\n\t\t\t\t<\/div>\n\t\t<div class=\"elementor-element elementor-element-2f9d279 e-con-full message-custom-form e-flex e-con e-child\" data-id=\"2f9d279\" data-element_type=\"container\" data-e-type=\"container\">\n\t\t\t\t<div class=\"elementor-element elementor-element-50fe2bd elementor-widget elementor-widget-heading\" data-id=\"50fe2bd\" data-element_type=\"widget\" data-e-type=\"widget\" data-widget_type=\"heading.default\">\n\t\t\t\t\t<h2 class=\"elementor-heading-title elementor-size-default\">L\u00e4het\u00e4 meille viesti<\/h2>\t\t\t\t<\/div>\n\t\t\t\t<div class=\"elementor-element elementor-element-352a6e9 elementor-widget elementor-widget-text-editor\" data-id=\"352a6e9\" data-element_type=\"widget\" data-e-type=\"widget\" data-widget_type=\"text-editor.default\">\n\t\t\t\t\t\t\t\t\t<p>T\u00e4yt\u00e4 alla oleva lomake, niin otamme sinuun yhteytt\u00e4 mahdollisimman pian.<\/p>\t\t\t\t\t\t\t\t<\/div>\n\t\t\t\t<div class=\"elementor-element elementor-element-15abab1 contact-form-shortcode elementor-widget elementor-widget-shortcode\" data-id=\"15abab1\" data-element_type=\"widget\" data-e-type=\"widget\" data-widget_type=\"shortcode.default\">\n\t\t\t\t\t\t\t<div class=\"elementor-shortcode\">\n<div class=\"wpcf7 no-js\" id=\"wpcf7-f1276-o1\" lang=\"en-US\" dir=\"ltr\" data-wpcf7-id=\"1276\">\n<div class=\"screen-reader-response\"><p role=\"status\" aria-live=\"polite\" aria-atomic=\"true\"><\/p> <ul><\/ul><\/div>\n<form action=\"\/fi\/wp-json\/wp\/v2\/pages\/3#wpcf7-f1276-o1\" method=\"post\" class=\"wpcf7-form init\" aria-label=\"Contact form\" novalidate=\"novalidate\" data-status=\"init\" data-trp-original-action=\"\/fi\/wp-json\/wp\/v2\/pages\/3#wpcf7-f1276-o1\">\n<fieldset class=\"hidden-fields-container\"><input type=\"hidden\" name=\"_wpcf7\" value=\"1276\" \/><input type=\"hidden\" name=\"_wpcf7_version\" value=\"6.1.5\" \/><input type=\"hidden\" name=\"_wpcf7_locale\" value=\"en_US\" \/><input type=\"hidden\" name=\"_wpcf7_unit_tag\" value=\"wpcf7-f1276-o1\" \/><input type=\"hidden\" name=\"_wpcf7_container_post\" value=\"0\" \/><input type=\"hidden\" name=\"_wpcf7_posted_data_hash\" value=\"\" \/><input type=\"hidden\" name=\"_wpcf7_recaptcha_response\" value=\"\" \/>\n<\/fieldset>\n<div class=\"contact-form-field\">\n\t<p><span class=\"wpcf7-form-control-wrap\" data-name=\"your-name\"><input size=\"40\" maxlength=\"400\" class=\"wpcf7-form-control wpcf7-text wpcf7-validates-as-required\" autocomplete=\"name\" aria-required=\"true\" aria-invalid=\"false\" placeholder=\"Nimi*\" value=\"\" type=\"text\" name=\"your-name\" \/><\/span><br \/>\n<span class=\"wpcf7-form-control-wrap\" data-name=\"text-company\"><input size=\"40\" maxlength=\"400\" class=\"wpcf7-form-control wpcf7-text wpcf7-validates-as-required\" aria-required=\"true\" aria-invalid=\"false\" placeholder=\"Yritys*\" value=\"\" type=\"text\" name=\"text-company\" \/><\/span><br \/>\n<span class=\"wpcf7-form-control-wrap\" data-name=\"your-email\"><input size=\"40\" maxlength=\"400\" class=\"wpcf7-form-control wpcf7-email wpcf7-validates-as-required wpcf7-text wpcf7-validates-as-email\" autocomplete=\"email\" aria-required=\"true\" aria-invalid=\"false\" placeholder=\"Postisi*\" value=\"\" type=\"email\" name=\"your-email\" \/><\/span><br \/>\n<span class=\"wpcf7-form-control-wrap\" data-name=\"your-message\"><textarea cols=\"40\" rows=\"3\" maxlength=\"2000\" class=\"wpcf7-form-control wpcf7-textarea\" aria-invalid=\"false\" placeholder=\"Viesti\" name=\"your-message\"><\/textarea><\/span><br \/>\n\t<input class=\"wpcf7-form-control wpcf7-hidden\" value=\"\" type=\"hidden\" name=\"page-title\" \/>\n\t<\/p>\n<\/div>\n<p><input class=\"wpcf7-form-control wpcf7-submit has-spinner\" type=\"submit\" value=\"L\u00e4het\u00e4\" \/>\n<\/p><p style=\"display: none !important;\" class=\"akismet-fields-container\" data-prefix=\"_wpcf7_ak_\"><label>Delta<textarea name=\"_wpcf7_ak_hp_textarea\" cols=\"45\" rows=\"8\" maxlength=\"100\"><\/textarea><\/label><input type=\"hidden\" id=\"ak_js_1\" name=\"_wpcf7_ak_js\" value=\"84\"\/><script>document.getElementById( \"ak_js_1\" ).setAttribute( \"value\", ( new Date() ).getTime() );<\/script><\/p><div class=\"wpcf7-response-output\" aria-hidden=\"true\"><\/div>\n<input type=\"hidden\" name=\"trp-form-language\" value=\"fi\"\/><\/form>\n<\/div>\n<\/div>\n\t\t\t\t\t\t<\/div>\n\t\t\t\t<\/div>\n\t\t\t\t<\/div>\n\t\t\t\t\t<\/div>\n\t\t\t\t<\/div>\n\t\t\t\t<\/div>\n\t\t\t\t<\/div>","protected":false},"excerpt":{"rendered":"<p>Privacy Policy Home Privacy Policy Privacy This is an overview of how we treat the personal data Bumbee Labs collects during visitor flow surveys and also how we treat personal information of customers and other stakeholders, in accordance with GDPR. The personal information we handle, is handled on servers in Europe. Bumbee Labs complies with [&hellip;]<\/p>\n","protected":false},"author":3,"featured_media":0,"parent":0,"menu_order":0,"comment_status":"closed","ping_status":"closed","template":"","meta":{"footnotes":""},"class_list":["post-3","page","type-page","status-publish","hentry"],"_links":{"self":[{"href":"https:\/\/bumbeelabs.com\/fi\/wp-json\/wp\/v2\/pages\/3","targetHints":{"allow":["GET"]}}],"collection":[{"href":"https:\/\/bumbeelabs.com\/fi\/wp-json\/wp\/v2\/pages"}],"about":[{"href":"https:\/\/bumbeelabs.com\/fi\/wp-json\/wp\/v2\/types\/page"}],"author":[{"embeddable":true,"href":"https:\/\/bumbeelabs.com\/fi\/wp-json\/wp\/v2\/users\/3"}],"replies":[{"embeddable":true,"href":"https:\/\/bumbeelabs.com\/fi\/wp-json\/wp\/v2\/comments?post=3"}],"version-history":[{"count":10,"href":"https:\/\/bumbeelabs.com\/fi\/wp-json\/wp\/v2\/pages\/3\/revisions"}],"predecessor-version":[{"id":4436,"href":"https:\/\/bumbeelabs.com\/fi\/wp-json\/wp\/v2\/pages\/3\/revisions\/4436"}],"wp:attachment":[{"href":"https:\/\/bumbeelabs.com\/fi\/wp-json\/wp\/v2\/media?parent=3"}],"curies":[{"name":"wp","href":"https:\/\/api.w.org\/{rel}","templated":true}]}}