{"id":1907,"date":"2025-12-04T10:38:32","date_gmt":"2025-12-04T10:38:32","guid":{"rendered":"https:\/\/bumbeelabs.com\/?page_id=1907"},"modified":"2026-04-13T06:20:39","modified_gmt":"2026-04-13T06:20:39","slug":"jalleenmyyja-jakelijaohjelma","status":"publish","type":"page","link":"https:\/\/bumbeelabs.com\/fi\/partners\/reseller-distributor-program\/","title":{"rendered":"J\u00e4lleenmyyj\u00e4- ja jakelijaohjelma"},"content":{"rendered":"<div data-elementor-type=\"wp-page\" data-elementor-id=\"1907\" class=\"elementor elementor-1907\" data-elementor-post-type=\"page\">\n\t\t\t\t<div class=\"elementor-element elementor-element-4a035069 e-con-full banner_section e-flex e-con e-parent\" data-id=\"4a035069\" data-element_type=\"container\" data-e-type=\"container\">\n\t\t<div class=\"elementor-element elementor-element-5f72b936 e-con-full e-flex e-con e-child\" data-id=\"5f72b936\" data-element_type=\"container\" data-e-type=\"container\" data-settings=\"{&quot;background_background&quot;:&quot;classic&quot;}\">\n\t\t<div class=\"elementor-element elementor-element-13539075 e-flex e-con-boxed e-con e-child\" data-id=\"13539075\" data-element_type=\"container\" data-e-type=\"container\">\n\t\t\t\t\t<div class=\"e-con-inner\">\n\t\t\t\t<div class=\"elementor-element elementor-element-1828bf8d elementor-widget__width-initial elementor-widget elementor-widget-heading\" data-id=\"1828bf8d\" data-element_type=\"widget\" data-e-type=\"widget\" data-widget_type=\"heading.default\">\n\t\t\t\t\t<h1 class=\"elementor-heading-title elementor-size-default\">Vierailijaanalytiikka hotellialalla\n<\/h1>\t\t\t\t<\/div>\n\t\t\t\t<div class=\"elementor-element elementor-element-7846d5cb elementor-widget__width-initial elementor-widget elementor-widget-heading\" data-id=\"7846d5cb\" data-element_type=\"widget\" data-e-type=\"widget\" data-widget_type=\"heading.default\">\n\t\t\t\t\t<h2 class=\"elementor-heading-title elementor-size-default\">Tutustu Bumbee Labsin j\u00e4lleenmyyj\u00e4- ja jakeluohjelmaan. Ansaitse tuloja tarjoamalla huippuluokan k\u00e4vij\u00e4analyysiratkaisuja, joihin sis\u00e4ltyy koulutusta, tukea ja yhteismarkkinointia.<\/h2>\t\t\t\t<\/div>\n\t\t\t\t\t<\/div>\n\t\t\t\t<\/div>\n\t\t\t\t<\/div>\n\t\t\t\t<\/div>\n\t\t<div class=\"elementor-element elementor-element-15f9dd25 e-con-full e-flex e-con e-parent\" data-id=\"15f9dd25\" data-element_type=\"container\" data-e-type=\"container\" data-settings=\"{&quot;background_background&quot;:&quot;classic&quot;}\">\n\t\t<div class=\"elementor-element elementor-element-5791f1c4 e-flex e-con-boxed e-con e-child\" data-id=\"5791f1c4\" data-element_type=\"container\" data-e-type=\"container\">\n\t\t\t\t\t<div class=\"e-con-inner\">\n\t\t<div class=\"elementor-element elementor-element-2d921ab5 e-con-full e-flex e-con e-child\" data-id=\"2d921ab5\" data-element_type=\"container\" data-e-type=\"container\">\n\t\t\t\t<div class=\"elementor-element elementor-element-edfc515 elementor-widget elementor-widget-heading\" data-id=\"edfc515\" data-element_type=\"widget\" data-e-type=\"widget\" data-widget_type=\"heading.default\">\n\t\t\t\t\t<h2 class=\"elementor-heading-title elementor-size-default\"><a href=\"https:\/\/bumbeelabs.com\/fi\">Etusivu<\/a><\/h2>\t\t\t\t<\/div>\n\t\t\t\t<div class=\"elementor-element elementor-element-712dce7 elementor-view-default elementor-widget elementor-widget-icon\" data-id=\"712dce7\" data-element_type=\"widget\" data-e-type=\"widget\" data-widget_type=\"icon.default\">\n\t\t\t\t\t\t\t<div class=\"elementor-icon-wrapper\">\n\t\t\t<div class=\"elementor-icon\">\n\t\t\t<svg xmlns=\"http:\/\/www.w3.org\/2000\/svg\" width=\"8\" height=\"14\" viewbox=\"0 0 8 14\" fill=\"none\"><path d=\"M1 1L7 7L1 13\" stroke=\"black\" stroke-width=\"2\" stroke-linecap=\"round\" stroke-linejoin=\"round\"><\/path><\/svg>\t\t\t<\/div>\n\t\t<\/div>\n\t\t\t\t\t\t<\/div>\n\t\t\t\t<div class=\"elementor-element elementor-element-a3a30ea elementor-widget elementor-widget-heading\" data-id=\"a3a30ea\" data-element_type=\"widget\" data-e-type=\"widget\" data-widget_type=\"heading.default\">\n\t\t\t\t\t<h2 class=\"elementor-heading-title elementor-size-default\"><a href=\"https:\/\/bumbeelabs.com\/fi\/yhteistyokumppanit\/\">Kumppanit<\/a><\/h2>\t\t\t\t<\/div>\n\t\t\t\t<div class=\"elementor-element elementor-element-75c98a53 elementor-view-default elementor-widget elementor-widget-icon\" data-id=\"75c98a53\" data-element_type=\"widget\" data-e-type=\"widget\" data-widget_type=\"icon.default\">\n\t\t\t\t\t\t\t<div class=\"elementor-icon-wrapper\">\n\t\t\t<div class=\"elementor-icon\">\n\t\t\t<svg xmlns=\"http:\/\/www.w3.org\/2000\/svg\" width=\"8\" height=\"14\" viewbox=\"0 0 8 14\" fill=\"none\"><path d=\"M1 1L7 7L1 13\" stroke=\"black\" stroke-width=\"2\" stroke-linecap=\"round\" stroke-linejoin=\"round\"><\/path><\/svg>\t\t\t<\/div>\n\t\t<\/div>\n\t\t\t\t\t\t<\/div>\n\t\t\t\t<div class=\"elementor-element elementor-element-268a811b elementor-widget elementor-widget-heading\" data-id=\"268a811b\" data-element_type=\"widget\" data-e-type=\"widget\" data-widget_type=\"heading.default\">\n\t\t\t\t\t<h2 class=\"elementor-heading-title elementor-size-default\">J\u00e4lleenmyyj\u00e4- ja jakelijaohjelma<\/h2>\t\t\t\t<\/div>\n\t\t\t\t<\/div>\n\t\t\t\t\t<\/div>\n\t\t\t\t<\/div>\n\t\t<div class=\"elementor-element elementor-element-5f124ea2 e-flex e-con-boxed e-con e-child\" data-id=\"5f124ea2\" data-element_type=\"container\" data-e-type=\"container\">\n\t\t\t\t\t<div class=\"e-con-inner\">\n\t\t\t\t<div class=\"elementor-element elementor-element-5067ba8 elementor-widget elementor-widget-heading\" data-id=\"5067ba8\" data-element_type=\"widget\" data-e-type=\"widget\" data-widget_type=\"heading.default\">\n\t\t\t\t\t<h2 class=\"elementor-heading-title elementor-size-default\">Sinun menestyksesi, meid\u00e4n ohjelmamme<\/h2>\t\t\t\t<\/div>\n\t\t\t\t<div class=\"elementor-element elementor-element-7478c752 elementor-widget__width-initial elementor-widget-laptop__width-inherit elementor-widget elementor-widget-heading\" data-id=\"7478c752\" data-element_type=\"widget\" data-e-type=\"widget\" data-widget_type=\"heading.default\">\n\t\t\t\t\t<h2 class=\"elementor-heading-title elementor-size-default\">Suunniteltu j\u00e4lleenmyyjille, jakelijoille ja j\u00e4rjestelm\u00e4integraattoreille, jotka haluavat lis\u00e4t\u00e4 mitattavaa arvoa portfolioihinsa.<\/h2>\t\t\t\t<\/div>\n\t\t<div class=\"elementor-element elementor-element-2c4e47e4 e-con-full e-flex e-con e-child\" data-id=\"2c4e47e4\" data-element_type=\"container\" data-e-type=\"container\">\n\t\t<div class=\"elementor-element elementor-element-5e599dd4 e-con-full e-flex e-con e-child\" data-id=\"5e599dd4\" data-element_type=\"container\" data-e-type=\"container\">\n\t\t\t\t<div class=\"elementor-element elementor-element-69c744f0 elementor-widget elementor-widget-image\" data-id=\"69c744f0\" data-element_type=\"widget\" data-e-type=\"widget\" data-widget_type=\"image.default\">\n\t\t\t\t\t\t\t\t\t\t\t\t\t\t\t<img fetchpriority=\"high\" decoding=\"async\" width=\"711\" height=\"688\" src=\"https:\/\/bumbeelabs.com\/wp-content\/uploads\/2025\/12\/Mask-group-3.png\" class=\"attachment-full size-full wp-image-2186\" alt=\"Asiakaskonversioanalyysi\" srcset=\"https:\/\/bumbeelabs.com\/wp-content\/uploads\/2025\/12\/Mask-group-3.png 711w, https:\/\/bumbeelabs.com\/wp-content\/uploads\/2025\/12\/Mask-group-3-300x290.png 300w\" sizes=\"(max-width: 711px) 100vw, 711px\" \/>\t\t\t\t\t\t\t\t\t\t\t\t\t\t\t<\/div>\n\t\t\t\t<\/div>\n\t\t<div class=\"elementor-element elementor-element-76f75e8b e-con-full e-flex e-con e-child\" data-id=\"76f75e8b\" data-element_type=\"container\" data-e-type=\"container\">\n\t\t<div class=\"elementor-element elementor-element-335ece9f e-con-full e-flex e-con e-child\" data-id=\"335ece9f\" data-element_type=\"container\" data-e-type=\"container\">\n\t\t\t\t<div class=\"elementor-element elementor-element-39aafbf7 elementor-widget elementor-widget-text-editor\" data-id=\"39aafbf7\" data-element_type=\"widget\" data-e-type=\"widget\" data-widget_type=\"text-editor.default\">\n\t\t\t\t\t\t\t\t\t<p>Meid\u00e4n <span class=\"headingBold\">J\u00e4lleenmyyj\u00e4- ja jakelijaohjelma<\/span> antaa sinulle ty\u00f6kalut, joilla voit voittaa enemm\u00e4n kauppoja ja kasvattaa asiakassuhteita.<\/p><p><strong>Ohjelman kohokohdat:<\/strong><\/p>\t\t\t\t\t\t\t\t<\/div>\n\t\t\t\t<div class=\"elementor-element elementor-element-d6f6d0 elementor-laptop-align-start elementor-icon-list--layout-traditional elementor-list-item-link-full_width elementor-widget elementor-widget-icon-list\" data-id=\"d6f6d0\" data-element_type=\"widget\" data-e-type=\"widget\" data-widget_type=\"icon-list.default\">\n\t\t\t\t\t\t\t<ul class=\"elementor-icon-list-items\">\n\t\t\t\t\t\t\t<li class=\"elementor-icon-list-item\">\n\t\t\t\t\t\t\t\t\t\t\t<span class=\"elementor-icon-list-icon\">\n\t\t\t\t\t\t\t<svg xmlns=\"http:\/\/www.w3.org\/2000\/svg\" width=\"24\" height=\"24\" viewbox=\"0 0 24 24\" fill=\"none\"><mask id=\"mask0_117_11214\" style=\"mask-type:luminance\" maskunits=\"userSpaceOnUse\" x=\"1\" y=\"1\" width=\"22\" height=\"22\"><path d=\"M12 22C17.523 22 22 17.523 22 12C22 6.477 17.523 2 12 2C6.477 2 2 6.477 2 12C2 17.523 6.477 22 12 22Z\" fill=\"white\" stroke=\"white\" stroke-width=\"2\" stroke-linejoin=\"round\"><\/path><path d=\"M10.5 16.5L15 12L10.5 7.5\" stroke=\"black\" stroke-width=\"2\" stroke-linecap=\"round\" stroke-linejoin=\"round\"><\/path><\/mask><g mask=\"url(#mask0_117_11214)\"><path d=\"M0 0H24V24H0V0Z\" fill=\"#1E3D59\"><\/path><\/g><\/svg>\t\t\t\t\t\t<\/span>\n\t\t\t\t\t\t\t\t\t\t<span class=\"elementor-icon-list-text\"><span class=\"headingBold\">Useita kumppanuustasoja<\/span> - J\u00e4lleenmyyj\u00e4-, lis\u00e4arvoj\u00e4lleenmyyj\u00e4- ja suosittelukumppanivaihtoehdot.<\/span>\n\t\t\t\t\t\t\t\t\t<\/li>\n\t\t\t\t\t\t\t\t<li class=\"elementor-icon-list-item\">\n\t\t\t\t\t\t\t\t\t\t\t<span class=\"elementor-icon-list-icon\">\n\t\t\t\t\t\t\t<svg xmlns=\"http:\/\/www.w3.org\/2000\/svg\" width=\"24\" height=\"24\" viewbox=\"0 0 24 24\" fill=\"none\"><mask id=\"mask0_117_11214\" style=\"mask-type:luminance\" maskunits=\"userSpaceOnUse\" x=\"1\" y=\"1\" width=\"22\" height=\"22\"><path d=\"M12 22C17.523 22 22 17.523 22 12C22 6.477 17.523 2 12 2C6.477 2 2 6.477 2 12C2 17.523 6.477 22 12 22Z\" fill=\"white\" stroke=\"white\" stroke-width=\"2\" stroke-linejoin=\"round\"><\/path><path d=\"M10.5 16.5L15 12L10.5 7.5\" stroke=\"black\" stroke-width=\"2\" stroke-linecap=\"round\" stroke-linejoin=\"round\"><\/path><\/mask><g mask=\"url(#mask0_117_11214)\"><path d=\"M0 0H24V24H0V0Z\" fill=\"#1E3D59\"><\/path><\/g><\/svg>\t\t\t\t\t\t<\/span>\n\t\t\t\t\t\t\t\t\t\t<span class=\"elementor-icon-list-text\"><span class=\"headingBold\">Tulomahdollisuudet<\/span> - Korkeat katteet toistuvista SaaS-lisensseist\u00e4.<\/span>\n\t\t\t\t\t\t\t\t\t<\/li>\n\t\t\t\t\t\t\t\t<li class=\"elementor-icon-list-item\">\n\t\t\t\t\t\t\t\t\t\t\t<span class=\"elementor-icon-list-icon\">\n\t\t\t\t\t\t\t<svg xmlns=\"http:\/\/www.w3.org\/2000\/svg\" width=\"24\" height=\"24\" viewbox=\"0 0 24 24\" fill=\"none\"><mask id=\"mask0_117_11214\" style=\"mask-type:luminance\" maskunits=\"userSpaceOnUse\" x=\"1\" y=\"1\" width=\"22\" height=\"22\"><path d=\"M12 22C17.523 22 22 17.523 22 12C22 6.477 17.523 2 12 2C6.477 2 2 6.477 2 12C2 17.523 6.477 22 12 22Z\" fill=\"white\" stroke=\"white\" stroke-width=\"2\" stroke-linejoin=\"round\"><\/path><path d=\"M10.5 16.5L15 12L10.5 7.5\" stroke=\"black\" stroke-width=\"2\" stroke-linecap=\"round\" stroke-linejoin=\"round\"><\/path><\/mask><g mask=\"url(#mask0_117_11214)\"><path d=\"M0 0H24V24H0V0Z\" fill=\"#1E3D59\"><\/path><\/g><\/svg>\t\t\t\t\t\t<\/span>\n\t\t\t\t\t\t\t\t\t\t<span class=\"elementor-icon-list-text\"><span class=\"headingBold\">Nopea k\u00e4ytt\u00f6\u00f6notto<\/span> - Aloita tietojen ker\u00e4\u00e4minen muutamassa tunnissa k\u00e4ytt\u00e4m\u00e4ll\u00e4 olemassa olevaa Wi-Fi-infrastruktuuria.<\/span>\n\t\t\t\t\t\t\t\t\t<\/li>\n\t\t\t\t\t\t\t\t<li class=\"elementor-icon-list-item\">\n\t\t\t\t\t\t\t\t\t\t\t<span class=\"elementor-icon-list-icon\">\n\t\t\t\t\t\t\t<svg xmlns=\"http:\/\/www.w3.org\/2000\/svg\" width=\"24\" height=\"24\" viewbox=\"0 0 24 24\" fill=\"none\"><mask id=\"mask0_117_11214\" style=\"mask-type:luminance\" maskunits=\"userSpaceOnUse\" x=\"1\" y=\"1\" width=\"22\" height=\"22\"><path d=\"M12 22C17.523 22 22 17.523 22 12C22 6.477 17.523 2 12 2C6.477 2 2 6.477 2 12C2 17.523 6.477 22 12 22Z\" fill=\"white\" stroke=\"white\" stroke-width=\"2\" stroke-linejoin=\"round\"><\/path><path d=\"M10.5 16.5L15 12L10.5 7.5\" stroke=\"black\" stroke-width=\"2\" stroke-linecap=\"round\" stroke-linejoin=\"round\"><\/path><\/mask><g mask=\"url(#mask0_117_11214)\"><path d=\"M0 0H24V24H0V0Z\" fill=\"#1E3D59\"><\/path><\/g><\/svg>\t\t\t\t\t\t<\/span>\n\t\t\t\t\t\t\t\t\t\t<span class=\"elementor-icon-list-text\"><span class=\"headingBold\">Kumppanikoulutus &amp; sertifiointi<\/span> - Varusta tiimisi teknisell\u00e4 ja myyntiosaamisella.<\/span>\n\t\t\t\t\t\t\t\t\t<\/li>\n\t\t\t\t\t\t\t\t<li class=\"elementor-icon-list-item\">\n\t\t\t\t\t\t\t\t\t\t\t<span class=\"elementor-icon-list-icon\">\n\t\t\t\t\t\t\t<svg xmlns=\"http:\/\/www.w3.org\/2000\/svg\" width=\"24\" height=\"24\" viewbox=\"0 0 24 24\" fill=\"none\"><mask id=\"mask0_117_11214\" style=\"mask-type:luminance\" maskunits=\"userSpaceOnUse\" x=\"1\" y=\"1\" width=\"22\" height=\"22\"><path d=\"M12 22C17.523 22 22 17.523 22 12C22 6.477 17.523 2 12 2C6.477 2 2 6.477 2 12C2 17.523 6.477 22 12 22Z\" fill=\"white\" stroke=\"white\" stroke-width=\"2\" stroke-linejoin=\"round\"><\/path><path d=\"M10.5 16.5L15 12L10.5 7.5\" stroke=\"black\" stroke-width=\"2\" stroke-linecap=\"round\" stroke-linejoin=\"round\"><\/path><\/mask><g mask=\"url(#mask0_117_11214)\"><path d=\"M0 0H24V24H0V0Z\" fill=\"#1E3D59\"><\/path><\/g><\/svg>\t\t\t\t\t\t<\/span>\n\t\t\t\t\t\t\t\t\t\t<span class=\"elementor-icon-list-text\"><span class=\"headingBold\">Yhteismarkkinoinnin tuki<\/span> - Yhteiset kampanjat, tapahtumamateriaalit ja myyntimateriaalit.<\/span>\n\t\t\t\t\t\t\t\t\t<\/li>\n\t\t\t\t\t\t<\/ul>\n\t\t\t\t\t\t<\/div>\n\t\t\t\t<div class=\"elementor-element elementor-element-1daabbff elementor-widget elementor-widget-text-editor\" data-id=\"1daabbff\" data-element_type=\"widget\" data-e-type=\"widget\" data-widget_type=\"text-editor.default\">\n\t\t\t\t\t\t\t\t\tOlitpa sitten <span class=\"headingBold\">maailmanlaajuinen jakelija<\/span> tai <span class=\"headingBold\">paikallinen j\u00e4rjestelm\u00e4integraattori<\/span>, Bumbee Labs antaa sinulle seuraavat tiedot <span class=\"headingBold\">skaalautuva, GDPR-yhteensopiva k\u00e4vij\u00e4analytiikka<\/span> johon asiakkaat luottavat.\n\t\t\t\t\t\t\t\t<\/div>\n\t\t\t\t<div class=\"elementor-element elementor-element-5b0e6838 elementor-widget__width-auto elementor-widget elementor-widget-button\" data-id=\"5b0e6838\" data-element_type=\"widget\" data-e-type=\"widget\" data-widget_type=\"button.default\">\n\t\t\t\t\t\t\t\t\t\t<a class=\"elementor-button elementor-button-link elementor-size-sm\" href=\"#\">\n\t\t\t\t\t\t<span class=\"elementor-button-content-wrapper\">\n\t\t\t\t\t\t\t\t\t<span class=\"elementor-button-text\">Liity ohjelmaan<\/span>\n\t\t\t\t\t<\/span>\n\t\t\t\t\t<\/a>\n\t\t\t\t\t\t\t\t<\/div>\n\t\t\t\t<\/div>\n\t\t\t\t<\/div>\n\t\t\t\t<\/div>\n\t\t\t\t\t<\/div>\n\t\t\t\t<\/div>\n\t\t\t\t<\/div>\n\t\t<div class=\"elementor-element elementor-element-177636e2 e-con-full e-flex e-con e-parent\" data-id=\"177636e2\" data-element_type=\"container\" data-e-type=\"container\">\n\t\t<div class=\"elementor-element elementor-element-548efac1 e-flex e-con-boxed e-con e-child\" data-id=\"548efac1\" data-element_type=\"container\" data-e-type=\"container\">\n\t\t\t\t\t<div class=\"e-con-inner\">\n\t\t<div class=\"elementor-element elementor-element-45205747 e-con-full e-flex e-con e-child\" data-id=\"45205747\" data-element_type=\"container\" data-e-type=\"container\">\n\t\t<div class=\"elementor-element elementor-element-5f4742fa e-con-full e-flex e-con e-child\" data-id=\"5f4742fa\" data-element_type=\"container\" data-e-type=\"container\">\n\t\t\t\t<div class=\"elementor-element elementor-element-48e61203 elementor-widget elementor-widget-image\" data-id=\"48e61203\" data-element_type=\"widget\" data-e-type=\"widget\" data-widget_type=\"image.default\">\n\t\t\t\t\t\t\t\t\t\t\t\t\t\t\t<img decoding=\"async\" width=\"741\" height=\"493\" src=\"https:\/\/bumbeelabs.com\/wp-content\/uploads\/2025\/11\/13450315_OrgCoral_Eco-01_Concept-06-1.png\" class=\"attachment-full size-full wp-image-263\" alt=\"Kest\u00e4v\u00e4 kaupunkisuunnittelu graafinen\" srcset=\"https:\/\/bumbeelabs.com\/wp-content\/uploads\/2025\/11\/13450315_OrgCoral_Eco-01_Concept-06-1.png 741w, https:\/\/bumbeelabs.com\/wp-content\/uploads\/2025\/11\/13450315_OrgCoral_Eco-01_Concept-06-1-300x200.png 300w\" sizes=\"(max-width: 741px) 100vw, 741px\" \/>\t\t\t\t\t\t\t\t\t\t\t\t\t\t\t<\/div>\n\t\t\t\t<\/div>\n\t\t<div class=\"elementor-element elementor-element-6b1e8ad5 e-con-full message-custom-form e-flex e-con e-child\" data-id=\"6b1e8ad5\" data-element_type=\"container\" data-e-type=\"container\">\n\t\t\t\t<div class=\"elementor-element elementor-element-6cbea5f9 elementor-widget elementor-widget-heading\" data-id=\"6cbea5f9\" data-element_type=\"widget\" data-e-type=\"widget\" data-widget_type=\"heading.default\">\n\t\t\t\t\t<h2 class=\"elementor-heading-title elementor-size-default\">Kasvetaan yhdess\u00e4<\/h2>\t\t\t\t<\/div>\n\t\t\t\t<div class=\"elementor-element elementor-element-67474c96 elementor-widget elementor-widget-text-editor\" data-id=\"67474c96\" data-element_type=\"widget\" data-e-type=\"widget\" data-widget_type=\"text-editor.default\">\n\t\t\t\t\t\t\t\t\t<p>Liity Bumbee Labsin kumppaniverkostoon ja tarjoa asiakkaillesi maailman johtavaa jalankulkuanalytiikkaa. Yhdess\u00e4 luomme \u00e4lykk\u00e4\u00e4mpi\u00e4 tiloja, vahvempia yhteis\u00f6j\u00e4 ja kannattavaa kasvua.<\/p>\t\t\t\t\t\t\t\t<\/div>\n\t\t\t\t<div class=\"elementor-element elementor-element-17417df7 contact-form-shortcode elementor-widget elementor-widget-shortcode\" data-id=\"17417df7\" data-element_type=\"widget\" data-e-type=\"widget\" data-widget_type=\"shortcode.default\">\n\t\t\t\t\t\t\t<div class=\"elementor-shortcode\">\n<div class=\"wpcf7 no-js\" id=\"wpcf7-f1276-o1\" lang=\"en-US\" dir=\"ltr\" data-wpcf7-id=\"1276\">\n<div class=\"screen-reader-response\"><p role=\"status\" aria-live=\"polite\" aria-atomic=\"true\"><\/p> <ul><\/ul><\/div>\n<form action=\"\/fi\/wp-json\/wp\/v2\/pages\/1907#wpcf7-f1276-o1\" method=\"post\" class=\"wpcf7-form init\" aria-label=\"Contact form\" novalidate=\"novalidate\" data-status=\"init\" data-trp-original-action=\"\/fi\/wp-json\/wp\/v2\/pages\/1907#wpcf7-f1276-o1\">\n<fieldset class=\"hidden-fields-container\"><input type=\"hidden\" name=\"_wpcf7\" value=\"1276\" \/><input type=\"hidden\" name=\"_wpcf7_version\" value=\"6.1.5\" \/><input type=\"hidden\" name=\"_wpcf7_locale\" value=\"en_US\" \/><input type=\"hidden\" name=\"_wpcf7_unit_tag\" value=\"wpcf7-f1276-o1\" \/><input type=\"hidden\" name=\"_wpcf7_container_post\" value=\"0\" \/><input type=\"hidden\" name=\"_wpcf7_posted_data_hash\" value=\"\" \/><input type=\"hidden\" name=\"_wpcf7_recaptcha_response\" value=\"\" \/>\n<\/fieldset>\n<div class=\"contact-form-field\">\n\t<p><span class=\"wpcf7-form-control-wrap\" data-name=\"your-name\"><input size=\"40\" maxlength=\"400\" class=\"wpcf7-form-control wpcf7-text wpcf7-validates-as-required\" autocomplete=\"name\" aria-required=\"true\" aria-invalid=\"false\" placeholder=\"Nimi*\" value=\"\" type=\"text\" name=\"your-name\" \/><\/span><br \/>\n<span class=\"wpcf7-form-control-wrap\" data-name=\"text-company\"><input size=\"40\" maxlength=\"400\" class=\"wpcf7-form-control wpcf7-text wpcf7-validates-as-required\" aria-required=\"true\" aria-invalid=\"false\" placeholder=\"Yritys*\" value=\"\" type=\"text\" name=\"text-company\" \/><\/span><br \/>\n<span class=\"wpcf7-form-control-wrap\" data-name=\"your-email\"><input size=\"40\" maxlength=\"400\" class=\"wpcf7-form-control wpcf7-email wpcf7-validates-as-required wpcf7-text wpcf7-validates-as-email\" autocomplete=\"email\" aria-required=\"true\" aria-invalid=\"false\" placeholder=\"Postisi*\" value=\"\" type=\"email\" name=\"your-email\" \/><\/span><br \/>\n<span class=\"wpcf7-form-control-wrap\" data-name=\"your-message\"><textarea cols=\"40\" rows=\"3\" maxlength=\"2000\" class=\"wpcf7-form-control wpcf7-textarea\" aria-invalid=\"false\" placeholder=\"Viesti\" name=\"your-message\"><\/textarea><\/span><br \/>\n\t<input class=\"wpcf7-form-control wpcf7-hidden\" value=\"\" type=\"hidden\" name=\"page-title\" \/>\n\t<\/p>\n<\/div>\n<p><input class=\"wpcf7-form-control wpcf7-submit has-spinner\" type=\"submit\" value=\"L\u00e4het\u00e4\" \/>\n<\/p><p style=\"display: none !important;\" class=\"akismet-fields-container\" data-prefix=\"_wpcf7_ak_\"><label>Delta<textarea name=\"_wpcf7_ak_hp_textarea\" cols=\"45\" rows=\"8\" maxlength=\"100\"><\/textarea><\/label><input type=\"hidden\" id=\"ak_js_1\" name=\"_wpcf7_ak_js\" value=\"33\"\/><script>document.getElementById( \"ak_js_1\" ).setAttribute( \"value\", ( new Date() ).getTime() );<\/script><\/p><div class=\"wpcf7-response-output\" aria-hidden=\"true\"><\/div>\n<input type=\"hidden\" name=\"trp-form-language\" value=\"fi\"\/><\/form>\n<\/div>\n<\/div>\n\t\t\t\t\t\t<\/div>\n\t\t\t\t<\/div>\n\t\t\t\t<\/div>\n\t\t\t\t\t<\/div>\n\t\t\t\t<\/div>\n\t\t\t\t<\/div>\n\t\t\t\t<\/div>","protected":false},"excerpt":{"rendered":"<p>Hospitality Visitor Analytics Explore the Bumbee Labs reseller and distributor program. Earn revenue by offering cutting-edge visitor analytics solutions with training, support, and co-marketing included. Home Partners Reseller &amp; Distributor Program Your Success, Our Program Designed for resellers, distributors, and system integrators looking to add measurable value to their portfolios. Our Reseller &amp; Distributor Program [&hellip;]<\/p>\n","protected":false},"author":3,"featured_media":0,"parent":39,"menu_order":0,"comment_status":"closed","ping_status":"closed","template":"","meta":{"footnotes":""},"class_list":["post-1907","page","type-page","status-publish","hentry"],"_links":{"self":[{"href":"https:\/\/bumbeelabs.com\/fi\/wp-json\/wp\/v2\/pages\/1907","targetHints":{"allow":["GET"]}}],"collection":[{"href":"https:\/\/bumbeelabs.com\/fi\/wp-json\/wp\/v2\/pages"}],"about":[{"href":"https:\/\/bumbeelabs.com\/fi\/wp-json\/wp\/v2\/types\/page"}],"author":[{"embeddable":true,"href":"https:\/\/bumbeelabs.com\/fi\/wp-json\/wp\/v2\/users\/3"}],"replies":[{"embeddable":true,"href":"https:\/\/bumbeelabs.com\/fi\/wp-json\/wp\/v2\/comments?post=1907"}],"version-history":[{"count":10,"href":"https:\/\/bumbeelabs.com\/fi\/wp-json\/wp\/v2\/pages\/1907\/revisions"}],"predecessor-version":[{"id":4186,"href":"https:\/\/bumbeelabs.com\/fi\/wp-json\/wp\/v2\/pages\/1907\/revisions\/4186"}],"up":[{"embeddable":true,"href":"https:\/\/bumbeelabs.com\/fi\/wp-json\/wp\/v2\/pages\/39"}],"wp:attachment":[{"href":"https:\/\/bumbeelabs.com\/fi\/wp-json\/wp\/v2\/media?parent=1907"}],"curies":[{"name":"wp","href":"https:\/\/api.w.org\/{rel}","templated":true}]}}