{"id":3,"date":"2025-11-17T15:25:35","date_gmt":"2025-11-17T15:25:35","guid":{"rendered":"https:\/\/bumbeelabs.com\/?page_id=3"},"modified":"2026-03-25T08:11:19","modified_gmt":"2026-03-25T08:11:19","slug":"datenschutzbestimmungen","status":"publish","type":"page","link":"https:\/\/bumbeelabs.com\/de\/privacy-policy\/","title":{"rendered":"Datenschutzbestimmungen"},"content":{"rendered":"<div data-elementor-type=\"wp-page\" data-elementor-id=\"3\" class=\"elementor elementor-3\" data-elementor-post-type=\"page\">\n\t\t\t\t<div class=\"elementor-element elementor-element-1458b9f e-con-full banner_section e-flex e-con e-parent\" data-id=\"1458b9f\" data-element_type=\"container\" data-e-type=\"container\">\n\t\t<div class=\"elementor-element elementor-element-6fdec88 e-con-full e-flex e-con e-child\" data-id=\"6fdec88\" data-element_type=\"container\" data-e-type=\"container\" data-settings=\"{&quot;background_background&quot;:&quot;classic&quot;}\">\n\t\t<div class=\"elementor-element elementor-element-ca96016 e-flex e-con-boxed e-con e-child\" data-id=\"ca96016\" data-element_type=\"container\" data-e-type=\"container\">\n\t\t\t\t\t<div class=\"e-con-inner\">\n\t\t\t\t<div class=\"elementor-element elementor-element-451b35c elementor-widget__width-initial elementor-widget elementor-widget-heading\" data-id=\"451b35c\" data-element_type=\"widget\" data-e-type=\"widget\" data-widget_type=\"heading.default\">\n\t\t\t\t\t<h1 class=\"elementor-heading-title elementor-size-default\">Datenschutzbestimmungen<\/h1>\t\t\t\t<\/div>\n\t\t\t\t\t<\/div>\n\t\t\t\t<\/div>\n\t\t\t\t<\/div>\n\t\t\t\t<\/div>\n\t\t<div class=\"elementor-element elementor-element-33b9701 e-con-full e-flex e-con e-parent\" data-id=\"33b9701\" data-element_type=\"container\" data-e-type=\"container\">\n\t\t<div class=\"elementor-element elementor-element-7b01a46 e-flex e-con-boxed e-con e-child\" data-id=\"7b01a46\" data-element_type=\"container\" data-e-type=\"container\">\n\t\t\t\t\t<div class=\"e-con-inner\">\n\t\t<div class=\"elementor-element elementor-element-b1e921f e-con-full e-flex e-con e-child\" data-id=\"b1e921f\" data-element_type=\"container\" data-e-type=\"container\">\n\t\t\t\t<div class=\"elementor-element elementor-element-0c81bd8 elementor-widget elementor-widget-heading\" data-id=\"0c81bd8\" data-element_type=\"widget\" data-e-type=\"widget\" data-widget_type=\"heading.default\">\n\t\t\t\t\t<h2 class=\"elementor-heading-title elementor-size-default\"><a href=\"https:\/\/bumbeelabs.com\/de\">Startseite<\/a><\/h2>\t\t\t\t<\/div>\n\t\t\t\t<div class=\"elementor-element elementor-element-620a4bb elementor-view-default elementor-widget elementor-widget-icon\" data-id=\"620a4bb\" data-element_type=\"widget\" data-e-type=\"widget\" data-widget_type=\"icon.default\">\n\t\t\t\t\t\t\t<div class=\"elementor-icon-wrapper\">\n\t\t\t<div class=\"elementor-icon\">\n\t\t\t<svg xmlns=\"http:\/\/www.w3.org\/2000\/svg\" width=\"8\" height=\"14\" viewbox=\"0 0 8 14\" fill=\"none\"><path d=\"M1 1L7 7L1 13\" stroke=\"black\" stroke-width=\"2\" stroke-linecap=\"round\" stroke-linejoin=\"round\"><\/path><\/svg>\t\t\t<\/div>\n\t\t<\/div>\n\t\t\t\t\t\t<\/div>\n\t\t\t\t<div class=\"elementor-element elementor-element-94b4c7f elementor-widget elementor-widget-heading\" data-id=\"94b4c7f\" data-element_type=\"widget\" data-e-type=\"widget\" data-widget_type=\"heading.default\">\n\t\t\t\t\t<h2 class=\"elementor-heading-title elementor-size-default\">Datenschutzbestimmungen<\/h2>\t\t\t\t<\/div>\n\t\t\t\t<\/div>\n\t\t\t\t\t<\/div>\n\t\t\t\t<\/div>\n\t\t\t\t<\/div>\n\t\t<div class=\"elementor-element elementor-element-0ce8e13 e-con-full e-flex e-con e-parent\" data-id=\"0ce8e13\" data-element_type=\"container\" data-e-type=\"container\">\n\t\t<div class=\"elementor-element elementor-element-0f11355 e-flex e-con-boxed e-con e-child\" data-id=\"0f11355\" data-element_type=\"container\" data-e-type=\"container\">\n\t\t\t\t\t<div class=\"e-con-inner\">\n\t\t<div class=\"elementor-element elementor-element-519b96a e-con-full e-flex e-con e-child\" data-id=\"519b96a\" data-element_type=\"container\" data-e-type=\"container\">\n\t\t<div class=\"elementor-element elementor-element-519c351 e-con-full e-flex e-con e-child\" data-id=\"519c351\" data-element_type=\"container\" data-e-type=\"container\">\n\t\t\t\t<div class=\"elementor-element elementor-element-ff7500a elementor-widget elementor-widget-heading\" data-id=\"ff7500a\" data-element_type=\"widget\" data-e-type=\"widget\" data-widget_type=\"heading.default\">\n\t\t\t\t\t<h2 class=\"elementor-heading-title elementor-size-default\">Datenschutz<\/h2>\t\t\t\t<\/div>\n\t\t\t\t<div class=\"elementor-element elementor-element-cb26f72 elementor-widget elementor-widget-text-editor\" data-id=\"cb26f72\" data-element_type=\"widget\" data-e-type=\"widget\" data-widget_type=\"text-editor.default\">\n\t\t\t\t\t\t\t\t\t<p><strong>Dies ist ein \u00dcberblick dar\u00fcber, wie wir die pers\u00f6nlichen Daten behandeln, die Bumbee Labs bei Umfragen zum Besucherfluss sammelt, und wie wir pers\u00f6nliche Informationen von Kunden und anderen Interessengruppen in \u00dcbereinstimmung mit der GDPR behandeln.<\/strong><\/p><p>Die personenbezogenen Daten, die wir verarbeiten, werden auf Servern in Europa verarbeitet.<\/p><p>Bumbee Labs h\u00e4lt sich an die Entscheidung der schwedischen Datenaufsichtsbeh\u00f6rde, wie das System zur Erhebung der Besucherstr\u00f6me angepasst werden sollte, um dem Gesetz \u00fcber personenbezogene Daten und in Erweiterung der GDPR zu entsprechen.<\/p>\t\t\t\t\t\t\t\t<\/div>\n\t\t\t\t<\/div>\n\t\t<div class=\"elementor-element elementor-element-240fd2f e-con-full e-flex e-con e-child\" data-id=\"240fd2f\" data-element_type=\"container\" data-e-type=\"container\">\n\t\t\t\t<div class=\"elementor-element elementor-element-fcd83d1 elementor-widget elementor-widget-image\" data-id=\"fcd83d1\" data-element_type=\"widget\" data-e-type=\"widget\" data-widget_type=\"image.default\">\n\t\t\t\t\t\t\t\t\t\t\t\t\t\t\t<img fetchpriority=\"high\" decoding=\"async\" width=\"1419\" height=\"1074\" src=\"https:\/\/bumbeelabs.com\/wp-content\/uploads\/2025\/12\/1-1-1.png\" class=\"attachment-full size-full wp-image-2232\" alt=\"Diagramm des Wi-Fi-Z\u00e4hlsystems\" srcset=\"https:\/\/bumbeelabs.com\/wp-content\/uploads\/2025\/12\/1-1-1.png 1419w, https:\/\/bumbeelabs.com\/wp-content\/uploads\/2025\/12\/1-1-1-300x227.png 300w, https:\/\/bumbeelabs.com\/wp-content\/uploads\/2025\/12\/1-1-1-1024x775.png 1024w, https:\/\/bumbeelabs.com\/wp-content\/uploads\/2025\/12\/1-1-1-768x581.png 768w, https:\/\/bumbeelabs.com\/wp-content\/uploads\/2025\/12\/1-1-1-16x12.png 16w\" sizes=\"(max-width: 1419px) 100vw, 1419px\" \/>\t\t\t\t\t\t\t\t\t\t\t\t\t\t\t<\/div>\n\t\t\t\t<\/div>\n\t\t\t\t<\/div>\n\t\t\t\t<div class=\"elementor-element elementor-element-336f5c6 elementor-widget elementor-widget-text-editor\" data-id=\"336f5c6\" data-element_type=\"widget\" data-e-type=\"widget\" data-widget_type=\"text-editor.default\">\n\t\t\t\t\t\t\t\t\t<p>Nach dem Beschluss der Dateninspektion 2015-10-30 (dnr 1702-2015) reichten die ergriffenen Ma\u00dfnahmen aus, um die M\u00e4ngel bei der Verarbeitung personenbezogener Daten durch das Unternehmen mit dem IOPS-System in V\u00e4ster\u00e5s City Center zu beheben, wie die Dateninspektion in ihrem Beschluss vom 22. Juni 2015 (dnr 2729-2014) feststellte.<\/p><p>Bumbee Labs f\u00fchrt Erhebungen zur Besucherstatistik in verschiedenen \u00f6ffentlichen Bereichen durch. Ziel ist es, den Akteuren bessere Kenntnisse \u00fcber nicht identifizierte Besucherzahlen und Verkehrsstr\u00f6me zu verschaffen, damit sie geeignete Ma\u00dfnahmen f\u00fcr die Entwicklung dieser \u00f6ffentlichen Bereiche ergreifen k\u00f6nnen. Die Erhebung erfolgt durch anonyme Registrierung von Wi-Fi-Signalen von Handys und Computern.<\/p><p>Das System von Bumbee Labs ist so konzipiert, dass die Bewegungen von Personen nicht nachvollzogen werden k\u00f6nnen. Die erfassten MAC-Adressen, die den Mobiltelefonen oder \u00e4hnlichen Ger\u00e4ten von Personen zugeordnet werden k\u00f6nnen, werden unmittelbar nach der Registrierung, die erforderlich ist, um Statistiken dar\u00fcber zu erhalten, wie viele Personen an einem bestimmten Ort vorbeigehen, unwiderruflich gel\u00f6scht.<\/p><p>Es verbleiben lediglich nicht identifizierte statistische Informationen, wie die Anzahl der Passagen an einem bestimmten geografischen Ort und so genannte Heatmaps. Bumbee Labs hat auch verschiedene Arten von Schildern angebracht, die die Besucher im Bereich der Besucherbefragung informieren. Falls die Erhebung der Besucherstr\u00f6me ohne die vorherige Zustimmung des Besuchers erfolgt, werden keine weiteren personenbezogenen Daten erhoben.<\/p><p>Erfolgt die Messung des Besucherstroms mit aktiver Zustimmung des Besuchers, wird die MAC-Adresse bis zu 6 Monate nach Erteilung der Zustimmung gespeichert und dann automatisch nach 6 Monaten gel\u00f6scht. Andere Informationen, die auf Initiative des Kunden abgefragt werden k\u00f6nnen, wie z. B. E-Mail-Adresse, Vor- und Nachname und Adresse, k\u00f6nnen bis zu 6 Monate gespeichert und dann automatisch gel\u00f6scht werden.<\/p><p>Von Kunden, potenziellen Kunden, Partnern, Lieferanten und Aktion\u00e4ren k\u00f6nnen folgende personenbezogene Daten gespeichert werden: Name, Position, Organisationsnummer, Umsatzsteuernummer, Lieferadresse, Rechnungsadresse, E-Mail-Adresse und Telefonnummer.<\/p><p>Der Zweck der Speicherung dieser pers\u00f6nlichen Daten besteht darin, uns \u00fcber den Gesch\u00e4ftsverlauf zu informieren und uns gegebenenfalls in die Lage zu versetzen, unsere Verpflichtungen zu erf\u00fcllen. Die personenbezogenen Daten werden von den Mitarbeitern von Bumbee Lab manuell gel\u00f6scht, nachdem der Inhaber der personenbezogenen Daten dies mitgeteilt hat.<\/p>\t\t\t\t\t\t\t\t<\/div>\n\t\t\t\t\t<\/div>\n\t\t\t\t<\/div>\n\t\t\t\t<\/div>\n\t\t<div class=\"elementor-element elementor-element-f846bf8 e-con-full e-flex e-con e-parent\" data-id=\"f846bf8\" data-element_type=\"container\" data-e-type=\"container\">\n\t\t<div class=\"elementor-element elementor-element-5b9cfea e-flex e-con-boxed e-con e-child\" data-id=\"5b9cfea\" data-element_type=\"container\" data-e-type=\"container\">\n\t\t\t\t\t<div class=\"e-con-inner\">\n\t\t<div class=\"elementor-element elementor-element-ca75d93 e-con-full e-flex e-con e-child\" data-id=\"ca75d93\" data-element_type=\"container\" data-e-type=\"container\">\n\t\t<div class=\"elementor-element elementor-element-7619e52 e-con-full e-flex e-con e-child\" data-id=\"7619e52\" data-element_type=\"container\" data-e-type=\"container\">\n\t\t\t\t<div class=\"elementor-element elementor-element-97490e5 elementor-widget elementor-widget-image\" data-id=\"97490e5\" data-element_type=\"widget\" data-e-type=\"widget\" data-widget_type=\"image.default\">\n\t\t\t\t\t\t\t\t\t\t\t\t\t\t\t<img decoding=\"async\" width=\"741\" height=\"493\" src=\"https:\/\/bumbeelabs.com\/wp-content\/uploads\/2025\/11\/13450315_OrgCoral_Eco-01_Concept-06-1.png\" class=\"attachment-full size-full wp-image-263\" alt=\"Grafik zur nachhaltigen Stadtplanung\" srcset=\"https:\/\/bumbeelabs.com\/wp-content\/uploads\/2025\/11\/13450315_OrgCoral_Eco-01_Concept-06-1.png 741w, https:\/\/bumbeelabs.com\/wp-content\/uploads\/2025\/11\/13450315_OrgCoral_Eco-01_Concept-06-1-300x200.png 300w\" sizes=\"(max-width: 741px) 100vw, 741px\" \/>\t\t\t\t\t\t\t\t\t\t\t\t\t\t\t<\/div>\n\t\t\t\t<\/div>\n\t\t<div class=\"elementor-element elementor-element-2f9d279 e-con-full message-custom-form e-flex e-con e-child\" data-id=\"2f9d279\" data-element_type=\"container\" data-e-type=\"container\">\n\t\t\t\t<div class=\"elementor-element elementor-element-50fe2bd elementor-widget elementor-widget-heading\" data-id=\"50fe2bd\" data-element_type=\"widget\" data-e-type=\"widget\" data-widget_type=\"heading.default\">\n\t\t\t\t\t<h2 class=\"elementor-heading-title elementor-size-default\">Senden Sie uns eine Nachricht<\/h2>\t\t\t\t<\/div>\n\t\t\t\t<div class=\"elementor-element elementor-element-352a6e9 elementor-widget elementor-widget-text-editor\" data-id=\"352a6e9\" data-element_type=\"widget\" data-e-type=\"widget\" data-widget_type=\"text-editor.default\">\n\t\t\t\t\t\t\t\t\t<p>Bitte f\u00fcllen Sie das nachstehende Formular aus, und wir werden uns so bald wie m\u00f6glich mit Ihnen in Verbindung setzen.<\/p>\t\t\t\t\t\t\t\t<\/div>\n\t\t\t\t<div class=\"elementor-element elementor-element-15abab1 contact-form-shortcode elementor-widget elementor-widget-shortcode\" data-id=\"15abab1\" data-element_type=\"widget\" data-e-type=\"widget\" data-widget_type=\"shortcode.default\">\n\t\t\t\t\t\t\t<div class=\"elementor-shortcode\">\n<div class=\"wpcf7 no-js\" id=\"wpcf7-f1276-o1\" lang=\"en-US\" dir=\"ltr\" data-wpcf7-id=\"1276\">\n<div class=\"screen-reader-response\"><p role=\"status\" aria-live=\"polite\" aria-atomic=\"true\"><\/p> <ul><\/ul><\/div>\n<form action=\"\/de\/wp-json\/wp\/v2\/pages\/3#wpcf7-f1276-o1\" method=\"post\" class=\"wpcf7-form init\" aria-label=\"Contact form\" novalidate=\"novalidate\" data-status=\"init\" data-trp-original-action=\"\/de\/wp-json\/wp\/v2\/pages\/3#wpcf7-f1276-o1\">\n<fieldset class=\"hidden-fields-container\"><input type=\"hidden\" name=\"_wpcf7\" value=\"1276\" \/><input type=\"hidden\" name=\"_wpcf7_version\" value=\"6.1.5\" \/><input type=\"hidden\" name=\"_wpcf7_locale\" value=\"en_US\" \/><input type=\"hidden\" name=\"_wpcf7_unit_tag\" value=\"wpcf7-f1276-o1\" \/><input type=\"hidden\" name=\"_wpcf7_container_post\" value=\"0\" \/><input type=\"hidden\" name=\"_wpcf7_posted_data_hash\" value=\"\" \/><input type=\"hidden\" name=\"_wpcf7_recaptcha_response\" value=\"\" \/>\n<\/fieldset>\n<div class=\"contact-form-field\">\n\t<p><span class=\"wpcf7-form-control-wrap\" data-name=\"your-name\"><input size=\"40\" maxlength=\"400\" class=\"wpcf7-form-control wpcf7-text wpcf7-validates-as-required\" autocomplete=\"name\" aria-required=\"true\" aria-invalid=\"false\" placeholder=\"Name*\" value=\"\" type=\"text\" name=\"your-name\" \/><\/span><br \/>\n<span class=\"wpcf7-form-control-wrap\" data-name=\"text-company\"><input size=\"40\" maxlength=\"400\" class=\"wpcf7-form-control wpcf7-text wpcf7-validates-as-required\" aria-required=\"true\" aria-invalid=\"false\" placeholder=\"Unternehmen*\" value=\"\" type=\"text\" name=\"text-company\" \/><\/span><br \/>\n<span class=\"wpcf7-form-control-wrap\" data-name=\"your-email\"><input size=\"40\" maxlength=\"400\" class=\"wpcf7-form-control wpcf7-email wpcf7-validates-as-required wpcf7-text wpcf7-validates-as-email\" autocomplete=\"email\" aria-required=\"true\" aria-invalid=\"false\" placeholder=\"Ihre Post*\" value=\"\" type=\"email\" name=\"your-email\" \/><\/span><br \/>\n<span class=\"wpcf7-form-control-wrap\" data-name=\"your-message\"><textarea cols=\"40\" rows=\"3\" maxlength=\"2000\" class=\"wpcf7-form-control wpcf7-textarea\" aria-invalid=\"false\" placeholder=\"Nachricht\" name=\"your-message\"><\/textarea><\/span><br \/>\n\t<input class=\"wpcf7-form-control wpcf7-hidden\" value=\"\" type=\"hidden\" name=\"page-title\" \/>\n\t<\/p>\n<\/div>\n<p><input class=\"wpcf7-form-control wpcf7-submit has-spinner\" type=\"submit\" value=\"Einreichen\" \/>\n<\/p><p style=\"display: none !important;\" class=\"akismet-fields-container\" data-prefix=\"_wpcf7_ak_\"><label>\u0394<textarea name=\"_wpcf7_ak_hp_textarea\" cols=\"45\" rows=\"8\" maxlength=\"100\"><\/textarea><\/label><input type=\"hidden\" id=\"ak_js_1\" name=\"_wpcf7_ak_js\" value=\"10\"\/><script>document.getElementById( \"ak_js_1\" ).setAttribute( \"value\", ( new Date() ).getTime() );<\/script><\/p><div class=\"wpcf7-response-output\" aria-hidden=\"true\"><\/div>\n<input type=\"hidden\" name=\"trp-form-language\" value=\"de\"\/><\/form>\n<\/div>\n<\/div>\n\t\t\t\t\t\t<\/div>\n\t\t\t\t<\/div>\n\t\t\t\t<\/div>\n\t\t\t\t\t<\/div>\n\t\t\t\t<\/div>\n\t\t\t\t<\/div>\n\t\t\t\t<\/div>","protected":false},"excerpt":{"rendered":"<p>Privacy Policy Home Privacy Policy Privacy This is an overview of how we treat the personal data Bumbee Labs collects during visitor flow surveys and also how we treat personal information of customers and other stakeholders, in accordance with GDPR. The personal information we handle, is handled on servers in Europe. Bumbee Labs complies with [&hellip;]<\/p>\n","protected":false},"author":3,"featured_media":0,"parent":0,"menu_order":0,"comment_status":"closed","ping_status":"closed","template":"","meta":{"footnotes":""},"class_list":["post-3","page","type-page","status-publish","hentry"],"_links":{"self":[{"href":"https:\/\/bumbeelabs.com\/de\/wp-json\/wp\/v2\/pages\/3","targetHints":{"allow":["GET"]}}],"collection":[{"href":"https:\/\/bumbeelabs.com\/de\/wp-json\/wp\/v2\/pages"}],"about":[{"href":"https:\/\/bumbeelabs.com\/de\/wp-json\/wp\/v2\/types\/page"}],"author":[{"embeddable":true,"href":"https:\/\/bumbeelabs.com\/de\/wp-json\/wp\/v2\/users\/3"}],"replies":[{"embeddable":true,"href":"https:\/\/bumbeelabs.com\/de\/wp-json\/wp\/v2\/comments?post=3"}],"version-history":[{"count":10,"href":"https:\/\/bumbeelabs.com\/de\/wp-json\/wp\/v2\/pages\/3\/revisions"}],"predecessor-version":[{"id":4436,"href":"https:\/\/bumbeelabs.com\/de\/wp-json\/wp\/v2\/pages\/3\/revisions\/4436"}],"wp:attachment":[{"href":"https:\/\/bumbeelabs.com\/de\/wp-json\/wp\/v2\/media?parent=3"}],"curies":[{"name":"wp","href":"https:\/\/api.w.org\/{rel}","templated":true}]}}