{"id":2439,"date":"2025-12-10T09:32:31","date_gmt":"2025-12-10T09:32:31","guid":{"rendered":"https:\/\/bumbeelabs.com\/?page_id=2439"},"modified":"2026-03-25T08:11:47","modified_gmt":"2026-03-25T08:11:47","slug":"hub-for-partnerressourcer","status":"publish","type":"page","link":"https:\/\/bumbeelabs.com\/da\/partners\/partner-resources-hub\/","title":{"rendered":"Hub for partnerressourcer"},"content":{"rendered":"<div data-elementor-type=\"wp-page\" data-elementor-id=\"2439\" class=\"elementor elementor-2439\" data-elementor-post-type=\"page\">\n\t\t\t\t<div class=\"elementor-element elementor-element-2ef9e1b6 e-con-full banner_section e-flex e-con e-parent\" data-id=\"2ef9e1b6\" data-element_type=\"container\" data-e-type=\"container\">\n\t\t<div class=\"elementor-element elementor-element-3bab44db e-con-full e-flex e-con e-child\" data-id=\"3bab44db\" data-element_type=\"container\" data-e-type=\"container\" data-settings=\"{&quot;background_background&quot;:&quot;classic&quot;}\">\n\t\t<div class=\"elementor-element elementor-element-4f395719 e-flex e-con-boxed e-con e-child\" data-id=\"4f395719\" data-element_type=\"container\" data-e-type=\"container\">\n\t\t\t\t\t<div class=\"e-con-inner\">\n\t\t\t\t<div class=\"elementor-element elementor-element-18788daf elementor-widget__width-initial elementor-widget elementor-widget-heading\" data-id=\"18788daf\" data-element_type=\"widget\" data-e-type=\"widget\" data-widget_type=\"heading.default\">\n\t\t\t\t\t<h1 class=\"elementor-heading-title elementor-size-default\">Partner Resources Hub - Alt hvad du beh\u00f8ver for at s\u00e6lge Footfall Analytics\n<\/h1>\t\t\t\t<\/div>\n\t\t\t\t<div class=\"elementor-element elementor-element-7f03af79 elementor-widget__width-initial elementor-widget elementor-widget-heading\" data-id=\"7f03af79\" data-element_type=\"widget\" data-e-type=\"widget\" data-widget_type=\"heading.default\">\n\t\t\t\t\t<h2 class=\"elementor-heading-title elementor-size-default\">F\u00e5 adgang til Bumbee Labs' partnerressourcer, herunder brochurer, casestudier, implementeringsvejledninger, API'er, dashboards og demomilj\u00f8er.<\/h2>\t\t\t\t<\/div>\n\t\t\t\t\t<\/div>\n\t\t\t\t<\/div>\n\t\t\t\t<\/div>\n\t\t\t\t<\/div>\n\t\t<div class=\"elementor-element elementor-element-169f9782 e-con-full e-flex e-con e-parent\" data-id=\"169f9782\" data-element_type=\"container\" data-e-type=\"container\" data-settings=\"{&quot;background_background&quot;:&quot;classic&quot;}\">\n\t\t<div class=\"elementor-element elementor-element-4428c4e6 e-flex e-con-boxed e-con e-child\" data-id=\"4428c4e6\" data-element_type=\"container\" data-e-type=\"container\">\n\t\t\t\t\t<div class=\"e-con-inner\">\n\t\t<div class=\"elementor-element elementor-element-63e5efa1 e-con-full e-flex e-con e-child\" data-id=\"63e5efa1\" data-element_type=\"container\" data-e-type=\"container\">\n\t\t\t\t<div class=\"elementor-element elementor-element-d596df9 elementor-widget elementor-widget-heading\" data-id=\"d596df9\" data-element_type=\"widget\" data-e-type=\"widget\" data-widget_type=\"heading.default\">\n\t\t\t\t\t<h2 class=\"elementor-heading-title elementor-size-default\"><a href=\"https:\/\/bumbeelabs.com\/da\">Hjem<\/a><\/h2>\t\t\t\t<\/div>\n\t\t\t\t<div class=\"elementor-element elementor-element-32eac019 elementor-view-default elementor-widget elementor-widget-icon\" data-id=\"32eac019\" data-element_type=\"widget\" data-e-type=\"widget\" data-widget_type=\"icon.default\">\n\t\t\t\t\t\t\t<div class=\"elementor-icon-wrapper\">\n\t\t\t<div class=\"elementor-icon\">\n\t\t\t<svg xmlns=\"http:\/\/www.w3.org\/2000\/svg\" width=\"8\" height=\"14\" viewbox=\"0 0 8 14\" fill=\"none\"><path d=\"M1 1L7 7L1 13\" stroke=\"black\" stroke-width=\"2\" stroke-linecap=\"round\" stroke-linejoin=\"round\"><\/path><\/svg>\t\t\t<\/div>\n\t\t<\/div>\n\t\t\t\t\t\t<\/div>\n\t\t\t\t<div class=\"elementor-element elementor-element-89a296a elementor-widget elementor-widget-heading\" data-id=\"89a296a\" data-element_type=\"widget\" data-e-type=\"widget\" data-widget_type=\"heading.default\">\n\t\t\t\t\t<h2 class=\"elementor-heading-title elementor-size-default\"><a href=\"https:\/\/bumbeelabs.com\/da\/partnere\/\">Partnere<\/a><\/h2>\t\t\t\t<\/div>\n\t\t\t\t<div class=\"elementor-element elementor-element-30bf587c elementor-view-default elementor-widget elementor-widget-icon\" data-id=\"30bf587c\" data-element_type=\"widget\" data-e-type=\"widget\" data-widget_type=\"icon.default\">\n\t\t\t\t\t\t\t<div class=\"elementor-icon-wrapper\">\n\t\t\t<div class=\"elementor-icon\">\n\t\t\t<svg xmlns=\"http:\/\/www.w3.org\/2000\/svg\" width=\"8\" height=\"14\" viewbox=\"0 0 8 14\" fill=\"none\"><path d=\"M1 1L7 7L1 13\" stroke=\"black\" stroke-width=\"2\" stroke-linecap=\"round\" stroke-linejoin=\"round\"><\/path><\/svg>\t\t\t<\/div>\n\t\t<\/div>\n\t\t\t\t\t\t<\/div>\n\t\t\t\t<div class=\"elementor-element elementor-element-4606f313 elementor-widget elementor-widget-heading\" data-id=\"4606f313\" data-element_type=\"widget\" data-e-type=\"widget\" data-widget_type=\"heading.default\">\n\t\t\t\t\t<h2 class=\"elementor-heading-title elementor-size-default\">Hub for partnerressourcer<\/h2>\t\t\t\t<\/div>\n\t\t\t\t<\/div>\n\t\t\t\t\t<\/div>\n\t\t\t\t<\/div>\n\t\t<div class=\"elementor-element elementor-element-20c58eb1 e-flex e-con-boxed e-con e-child\" data-id=\"20c58eb1\" data-element_type=\"container\" data-e-type=\"container\">\n\t\t\t\t\t<div class=\"e-con-inner\">\n\t\t\t\t<div class=\"elementor-element elementor-element-244c84be elementor-widget elementor-widget-heading\" data-id=\"244c84be\" data-element_type=\"widget\" data-e-type=\"widget\" data-widget_type=\"heading.default\">\n\t\t\t\t\t<h2 class=\"elementor-heading-title elementor-size-default\">Alt, hvad du har brug for, p\u00e5 \u00e9t sted<\/h2>\t\t\t\t<\/div>\n\t\t\t\t<div class=\"elementor-element elementor-element-14b660ca elementor-widget__width-initial elementor-widget-laptop__width-inherit elementor-widget elementor-widget-heading\" data-id=\"14b660ca\" data-element_type=\"widget\" data-e-type=\"widget\" data-widget_type=\"heading.default\">\n\t\t\t\t\t<h2 class=\"elementor-heading-title elementor-size-default\">Salg, marketing og tekniske ressourcer bygget til partnersucces.<\/h2>\t\t\t\t<\/div>\n\t\t<div class=\"elementor-element elementor-element-21653a0e e-con-full e-flex e-con e-child\" data-id=\"21653a0e\" data-element_type=\"container\" data-e-type=\"container\">\n\t\t<div class=\"elementor-element elementor-element-6f432709 e-con-full e-flex e-con e-child\" data-id=\"6f432709\" data-element_type=\"container\" data-e-type=\"container\">\n\t\t\t\t<div class=\"elementor-element elementor-element-261fb25 elementor-widget elementor-widget-image\" data-id=\"261fb25\" data-element_type=\"widget\" data-e-type=\"widget\" data-widget_type=\"image.default\">\n\t\t\t\t\t\t\t\t\t\t\t\t\t\t\t<img fetchpriority=\"high\" decoding=\"async\" width=\"711\" height=\"688\" src=\"https:\/\/bumbeelabs.com\/wp-content\/uploads\/2025\/12\/Mask-group-3.png\" class=\"attachment-full size-full wp-image-2186\" alt=\"Kunde konverteringsanalyse\" srcset=\"https:\/\/bumbeelabs.com\/wp-content\/uploads\/2025\/12\/Mask-group-3.png 711w, https:\/\/bumbeelabs.com\/wp-content\/uploads\/2025\/12\/Mask-group-3-300x290.png 300w\" sizes=\"(max-width: 711px) 100vw, 711px\" \/>\t\t\t\t\t\t\t\t\t\t\t\t\t\t\t<\/div>\n\t\t\t\t<\/div>\n\t\t<div class=\"elementor-element elementor-element-62f69229 e-con-full e-flex e-con e-child\" data-id=\"62f69229\" data-element_type=\"container\" data-e-type=\"container\">\n\t\t<div class=\"elementor-element elementor-element-60fb3d98 e-con-full e-flex e-con e-child\" data-id=\"60fb3d98\" data-element_type=\"container\" data-e-type=\"container\">\n\t\t\t\t<div class=\"elementor-element elementor-element-6178a11e elementor-widget elementor-widget-text-editor\" data-id=\"6178a11e\" data-element_type=\"widget\" data-e-type=\"widget\" data-widget_type=\"text-editor.default\">\n\t\t\t\t\t\t\t\t\t<p>Som Bumbee Labs-partner f\u00e5r du adgang til vores <span class=\"headingBold\">eksklusivt center for partnerressourcer<\/span>, som omfatter:<\/p>\t\t\t\t\t\t\t\t<\/div>\n\t\t\t\t<div class=\"elementor-element elementor-element-370bf6d5 elementor-laptop-align-start elementor-icon-list--layout-traditional elementor-list-item-link-full_width elementor-widget elementor-widget-icon-list\" data-id=\"370bf6d5\" data-element_type=\"widget\" data-e-type=\"widget\" data-widget_type=\"icon-list.default\">\n\t\t\t\t\t\t\t<ul class=\"elementor-icon-list-items\">\n\t\t\t\t\t\t\t<li class=\"elementor-icon-list-item\">\n\t\t\t\t\t\t\t\t\t\t\t<span class=\"elementor-icon-list-icon\">\n\t\t\t\t\t\t\t<svg xmlns=\"http:\/\/www.w3.org\/2000\/svg\" width=\"24\" height=\"24\" viewbox=\"0 0 24 24\" fill=\"none\"><mask id=\"mask0_117_11214\" style=\"mask-type:luminance\" maskunits=\"userSpaceOnUse\" x=\"1\" y=\"1\" width=\"22\" height=\"22\"><path d=\"M12 22C17.523 22 22 17.523 22 12C22 6.477 17.523 2 12 2C6.477 2 2 6.477 2 12C2 17.523 6.477 22 12 22Z\" fill=\"white\" stroke=\"white\" stroke-width=\"2\" stroke-linejoin=\"round\"><\/path><path d=\"M10.5 16.5L15 12L10.5 7.5\" stroke=\"black\" stroke-width=\"2\" stroke-linecap=\"round\" stroke-linejoin=\"round\"><\/path><\/mask><g mask=\"url(#mask0_117_11214)\"><path d=\"M0 0H24V24H0V0Z\" fill=\"#1E3D59\"><\/path><\/g><\/svg>\t\t\t\t\t\t<\/span>\n\t\t\t\t\t\t\t\t\t\t<span class=\"elementor-icon-list-text\"><span class=\"headingBold\">Salgskit og sikkerhedsmateriale<\/span> - Brochurer, vertikale one-pagers (detailhandel, indk\u00f8bscentre, transport, museer, udend\u00f8rs reklame) og kunded\u00e6k.<\/span>\n\t\t\t\t\t\t\t\t\t<\/li>\n\t\t\t\t\t\t\t\t<li class=\"elementor-icon-list-item\">\n\t\t\t\t\t\t\t\t\t\t\t<span class=\"elementor-icon-list-icon\">\n\t\t\t\t\t\t\t<svg xmlns=\"http:\/\/www.w3.org\/2000\/svg\" width=\"24\" height=\"24\" viewbox=\"0 0 24 24\" fill=\"none\"><mask id=\"mask0_117_11214\" style=\"mask-type:luminance\" maskunits=\"userSpaceOnUse\" x=\"1\" y=\"1\" width=\"22\" height=\"22\"><path d=\"M12 22C17.523 22 22 17.523 22 12C22 6.477 17.523 2 12 2C6.477 2 2 6.477 2 12C2 17.523 6.477 22 12 22Z\" fill=\"white\" stroke=\"white\" stroke-width=\"2\" stroke-linejoin=\"round\"><\/path><path d=\"M10.5 16.5L15 12L10.5 7.5\" stroke=\"black\" stroke-width=\"2\" stroke-linecap=\"round\" stroke-linejoin=\"round\"><\/path><\/mask><g mask=\"url(#mask0_117_11214)\"><path d=\"M0 0H24V24H0V0Z\" fill=\"#1E3D59\"><\/path><\/g><\/svg>\t\t\t\t\t\t<\/span>\n\t\t\t\t\t\t\t\t\t\t<span class=\"elementor-icon-list-text\"><span class=\"headingBold\">Vejledninger til udrulning<\/span> - Trin-for-trin integrationsdokumentation for Wi-Fi-hardware.<\/span>\n\t\t\t\t\t\t\t\t\t<\/li>\n\t\t\t\t\t\t\t\t<li class=\"elementor-icon-list-item\">\n\t\t\t\t\t\t\t\t\t\t\t<span class=\"elementor-icon-list-icon\">\n\t\t\t\t\t\t\t<svg xmlns=\"http:\/\/www.w3.org\/2000\/svg\" width=\"24\" height=\"24\" viewbox=\"0 0 24 24\" fill=\"none\"><mask id=\"mask0_117_11214\" style=\"mask-type:luminance\" maskunits=\"userSpaceOnUse\" x=\"1\" y=\"1\" width=\"22\" height=\"22\"><path d=\"M12 22C17.523 22 22 17.523 22 12C22 6.477 17.523 2 12 2C6.477 2 2 6.477 2 12C2 17.523 6.477 22 12 22Z\" fill=\"white\" stroke=\"white\" stroke-width=\"2\" stroke-linejoin=\"round\"><\/path><path d=\"M10.5 16.5L15 12L10.5 7.5\" stroke=\"black\" stroke-width=\"2\" stroke-linecap=\"round\" stroke-linejoin=\"round\"><\/path><\/mask><g mask=\"url(#mask0_117_11214)\"><path d=\"M0 0H24V24H0V0Z\" fill=\"#1E3D59\"><\/path><\/g><\/svg>\t\t\t\t\t\t<\/span>\n\t\t\t\t\t\t\t\t\t\t<span class=\"elementor-icon-list-text\"><span class=\"headingBold\">Adgang til API og dashboard<\/span> - Forbind Bumbee Labs' m\u00e5linger med kundernes BI-systemer.<\/span>\n\t\t\t\t\t\t\t\t\t<\/li>\n\t\t\t\t\t\t\t\t<li class=\"elementor-icon-list-item\">\n\t\t\t\t\t\t\t\t\t\t\t<span class=\"elementor-icon-list-icon\">\n\t\t\t\t\t\t\t<svg xmlns=\"http:\/\/www.w3.org\/2000\/svg\" width=\"24\" height=\"24\" viewbox=\"0 0 24 24\" fill=\"none\"><mask id=\"mask0_117_11214\" style=\"mask-type:luminance\" maskunits=\"userSpaceOnUse\" x=\"1\" y=\"1\" width=\"22\" height=\"22\"><path d=\"M12 22C17.523 22 22 17.523 22 12C22 6.477 17.523 2 12 2C6.477 2 2 6.477 2 12C2 17.523 6.477 22 12 22Z\" fill=\"white\" stroke=\"white\" stroke-width=\"2\" stroke-linejoin=\"round\"><\/path><path d=\"M10.5 16.5L15 12L10.5 7.5\" stroke=\"black\" stroke-width=\"2\" stroke-linecap=\"round\" stroke-linejoin=\"round\"><\/path><\/mask><g mask=\"url(#mask0_117_11214)\"><path d=\"M0 0H24V24H0V0Z\" fill=\"#1E3D59\"><\/path><\/g><\/svg>\t\t\t\t\t\t<\/span>\n\t\t\t\t\t\t\t\t\t\t<span class=\"elementor-icon-list-text\"><span class=\"headingBold\">Demo-milj\u00f8er<\/span> - Brug live-datademonstrationer til at vise potentielle kunder effekten i den virkelige verden.<\/span>\n\t\t\t\t\t\t\t\t\t<\/li>\n\t\t\t\t\t\t\t\t<li class=\"elementor-icon-list-item\">\n\t\t\t\t\t\t\t\t\t\t\t<span class=\"elementor-icon-list-icon\">\n\t\t\t\t\t\t\t<svg xmlns=\"http:\/\/www.w3.org\/2000\/svg\" width=\"24\" height=\"24\" viewbox=\"0 0 24 24\" fill=\"none\"><mask id=\"mask0_117_11214\" style=\"mask-type:luminance\" maskunits=\"userSpaceOnUse\" x=\"1\" y=\"1\" width=\"22\" height=\"22\"><path d=\"M12 22C17.523 22 22 17.523 22 12C22 6.477 17.523 2 12 2C6.477 2 2 6.477 2 12C2 17.523 6.477 22 12 22Z\" fill=\"white\" stroke=\"white\" stroke-width=\"2\" stroke-linejoin=\"round\"><\/path><path d=\"M10.5 16.5L15 12L10.5 7.5\" stroke=\"black\" stroke-width=\"2\" stroke-linecap=\"round\" stroke-linejoin=\"round\"><\/path><\/mask><g mask=\"url(#mask0_117_11214)\"><path d=\"M0 0H24V24H0V0Z\" fill=\"#1E3D59\"><\/path><\/g><\/svg>\t\t\t\t\t\t<\/span>\n\t\t\t\t\t\t\t\t\t\t<span class=\"elementor-icon-list-text\"><span class=\"headingBold\">Uddannelse og webinarer<\/span> - Hold dit team opdateret med de seneste opdateringer.<\/span>\n\t\t\t\t\t\t\t\t\t<\/li>\n\t\t\t\t\t\t<\/ul>\n\t\t\t\t\t\t<\/div>\n\t\t\t\t<div class=\"elementor-element elementor-element-5e1ecaec elementor-widget elementor-widget-text-editor\" data-id=\"5e1ecaec\" data-element_type=\"widget\" data-e-type=\"widget\" data-widget_type=\"text-editor.default\">\n\t\t\t\t\t\t\t\t\t<p>Partner Hub sikrer, at du altid er udstyret med de <span class=\"headingBold\">de rigtige materialer og indsigter til at lukke aftaler<\/span>.<\/p>\t\t\t\t\t\t\t\t<\/div>\n\t\t\t\t<div class=\"elementor-element elementor-element-14423df4 elementor-widget__width-auto elementor-widget elementor-widget-button\" data-id=\"14423df4\" data-element_type=\"widget\" data-e-type=\"widget\" data-widget_type=\"button.default\">\n\t\t\t\t\t\t\t\t\t\t<a class=\"elementor-button elementor-button-link elementor-size-sm\" href=\"#\">\n\t\t\t\t\t\t<span class=\"elementor-button-content-wrapper\">\n\t\t\t\t\t\t\t\t\t<span class=\"elementor-button-text\">F\u00e5 adgang til Partner Hub<\/span>\n\t\t\t\t\t<\/span>\n\t\t\t\t\t<\/a>\n\t\t\t\t\t\t\t\t<\/div>\n\t\t\t\t<\/div>\n\t\t\t\t<\/div>\n\t\t\t\t<\/div>\n\t\t\t\t\t<\/div>\n\t\t\t\t<\/div>\n\t\t\t\t<\/div>\n\t\t<div class=\"elementor-element elementor-element-1e4933a4 e-con-full e-flex e-con e-parent\" data-id=\"1e4933a4\" data-element_type=\"container\" data-e-type=\"container\">\n\t\t<div class=\"elementor-element elementor-element-2d7a37e5 e-flex e-con-boxed e-con e-child\" data-id=\"2d7a37e5\" data-element_type=\"container\" data-e-type=\"container\">\n\t\t\t\t\t<div class=\"e-con-inner\">\n\t\t<div class=\"elementor-element elementor-element-546b58f1 e-con-full e-flex e-con e-child\" data-id=\"546b58f1\" data-element_type=\"container\" data-e-type=\"container\">\n\t\t<div class=\"elementor-element elementor-element-64021724 e-con-full e-flex e-con e-child\" data-id=\"64021724\" data-element_type=\"container\" data-e-type=\"container\">\n\t\t\t\t<div class=\"elementor-element elementor-element-6b860c37 elementor-widget elementor-widget-image\" data-id=\"6b860c37\" data-element_type=\"widget\" data-e-type=\"widget\" data-widget_type=\"image.default\">\n\t\t\t\t\t\t\t\t\t\t\t\t\t\t\t<img decoding=\"async\" width=\"741\" height=\"493\" src=\"https:\/\/bumbeelabs.com\/wp-content\/uploads\/2025\/11\/13450315_OrgCoral_Eco-01_Concept-06-1.png\" class=\"attachment-full size-full wp-image-263\" alt=\"Grafik for b\u00e6redygtig byplanl\u00e6gning\" srcset=\"https:\/\/bumbeelabs.com\/wp-content\/uploads\/2025\/11\/13450315_OrgCoral_Eco-01_Concept-06-1.png 741w, https:\/\/bumbeelabs.com\/wp-content\/uploads\/2025\/11\/13450315_OrgCoral_Eco-01_Concept-06-1-300x200.png 300w\" sizes=\"(max-width: 741px) 100vw, 741px\" \/>\t\t\t\t\t\t\t\t\t\t\t\t\t\t\t<\/div>\n\t\t\t\t<\/div>\n\t\t<div class=\"elementor-element elementor-element-683fa448 e-con-full message-custom-form e-flex e-con e-child\" data-id=\"683fa448\" data-element_type=\"container\" data-e-type=\"container\">\n\t\t\t\t<div class=\"elementor-element elementor-element-2f450df2 elementor-widget elementor-widget-heading\" data-id=\"2f450df2\" data-element_type=\"widget\" data-e-type=\"widget\" data-widget_type=\"heading.default\">\n\t\t\t\t\t<h2 class=\"elementor-heading-title elementor-size-default\">Lad os vokse sammen<\/h2>\t\t\t\t<\/div>\n\t\t\t\t<div class=\"elementor-element elementor-element-321b41c4 elementor-widget elementor-widget-text-editor\" data-id=\"321b41c4\" data-element_type=\"widget\" data-e-type=\"widget\" data-widget_type=\"text-editor.default\">\n\t\t\t\t\t\t\t\t\t<p>Bliv en del af Bumbee Labs' partnernetv\u00e6rk, og bring verdens f\u00f8rende fodg\u00e6ngeranalyser til dine kunder. Sammen skaber vi smartere rum, st\u00e6rkere f\u00e6llesskaber og profitabel v\u00e6kst.<\/p>\t\t\t\t\t\t\t\t<\/div>\n\t\t\t\t<div class=\"elementor-element elementor-element-7ef26c06 contact-form-shortcode elementor-widget elementor-widget-shortcode\" data-id=\"7ef26c06\" data-element_type=\"widget\" data-e-type=\"widget\" data-widget_type=\"shortcode.default\">\n\t\t\t\t\t\t\t<div class=\"elementor-shortcode\">\n<div class=\"wpcf7 no-js\" id=\"wpcf7-f1276-o1\" lang=\"en-US\" dir=\"ltr\" data-wpcf7-id=\"1276\">\n<div class=\"screen-reader-response\"><p role=\"status\" aria-live=\"polite\" aria-atomic=\"true\"><\/p> <ul><\/ul><\/div>\n<form action=\"\/da\/wp-json\/wp\/v2\/pages\/2439#wpcf7-f1276-o1\" method=\"post\" class=\"wpcf7-form init\" aria-label=\"Kontaktformular\" novalidate=\"novalidate\" data-status=\"init\" data-trp-original-action=\"\/da\/wp-json\/wp\/v2\/pages\/2439#wpcf7-f1276-o1\">\n<fieldset class=\"hidden-fields-container\"><input type=\"hidden\" name=\"_wpcf7\" value=\"1276\" \/><input type=\"hidden\" name=\"_wpcf7_version\" value=\"6.1.5\" \/><input type=\"hidden\" name=\"_wpcf7_locale\" value=\"en_US\" \/><input type=\"hidden\" name=\"_wpcf7_unit_tag\" value=\"wpcf7-f1276-o1\" \/><input type=\"hidden\" name=\"_wpcf7_container_post\" value=\"0\" \/><input type=\"hidden\" name=\"_wpcf7_posted_data_hash\" value=\"\" \/><input type=\"hidden\" name=\"_wpcf7_recaptcha_response\" value=\"\" \/>\n<\/fieldset>\n<div class=\"contact-form-field\">\n\t<p><span class=\"wpcf7-form-control-wrap\" data-name=\"your-name\"><input size=\"40\" maxlength=\"400\" class=\"wpcf7-form-control wpcf7-text wpcf7-validates-as-required\" autocomplete=\"name\" aria-required=\"true\" aria-invalid=\"false\" placeholder=\"Navn*\" value=\"\" type=\"text\" name=\"your-name\" \/><\/span><br \/>\n<span class=\"wpcf7-form-control-wrap\" data-name=\"text-company\"><input size=\"40\" maxlength=\"400\" class=\"wpcf7-form-control wpcf7-text wpcf7-validates-as-required\" aria-required=\"true\" aria-invalid=\"false\" placeholder=\"Virksomhed*\" value=\"\" type=\"text\" name=\"text-company\" \/><\/span><br \/>\n<span class=\"wpcf7-form-control-wrap\" data-name=\"your-email\"><input size=\"40\" maxlength=\"400\" class=\"wpcf7-form-control wpcf7-email wpcf7-validates-as-required wpcf7-text wpcf7-validates-as-email\" autocomplete=\"email\" aria-required=\"true\" aria-invalid=\"false\" placeholder=\"Din mail*\" value=\"\" type=\"email\" name=\"your-email\" \/><\/span><br \/>\n<span class=\"wpcf7-form-control-wrap\" data-name=\"your-message\"><textarea cols=\"40\" rows=\"3\" maxlength=\"2000\" class=\"wpcf7-form-control wpcf7-textarea\" aria-invalid=\"false\" placeholder=\"Besked\" name=\"your-message\"><\/textarea><\/span><br \/>\n\t<input class=\"wpcf7-form-control wpcf7-hidden\" value=\"\" type=\"hidden\" name=\"page-title\" \/>\n\t<\/p>\n<\/div>\n<p><input class=\"wpcf7-form-control wpcf7-submit has-spinner\" type=\"submit\" value=\"Indsend\" \/>\n<\/p><p style=\"display: none !important;\" class=\"akismet-fields-container\" data-prefix=\"_wpcf7_ak_\"><label>Delta<textarea name=\"_wpcf7_ak_hp_textarea\" cols=\"45\" rows=\"8\" maxlength=\"100\"><\/textarea><\/label><input type=\"hidden\" id=\"ak_js_1\" name=\"_wpcf7_ak_js\" value=\"17\"\/><script>document.getElementById( \"ak_js_1\" ).setAttribute( \"value\", ( new Date() ).getTime() );<\/script><\/p><div class=\"wpcf7-response-output\" aria-hidden=\"true\"><\/div>\n<input type=\"hidden\" name=\"trp-form-language\" value=\"da\"\/><\/form>\n<\/div>\n<\/div>\n\t\t\t\t\t\t<\/div>\n\t\t\t\t<\/div>\n\t\t\t\t<\/div>\n\t\t\t\t\t<\/div>\n\t\t\t\t<\/div>\n\t\t\t\t<\/div>\n\t\t\t\t<\/div>","protected":false},"excerpt":{"rendered":"<p>Partner Resources Hub \u2014 Everything You Need to Sell Footfall Analytics Access Bumbee Labs partner resources including brochures, case studies, deployment guides, APIs, dashboards, and demo environments. Home Partners Partner Resources Hub Everything You Need, In One Place Sales, marketing, and technical resources built for partner success. As a Bumbee Labs partner, you gain access [&hellip;]<\/p>\n","protected":false},"author":3,"featured_media":0,"parent":39,"menu_order":0,"comment_status":"closed","ping_status":"closed","template":"","meta":{"footnotes":""},"class_list":["post-2439","page","type-page","status-publish","hentry"],"_links":{"self":[{"href":"https:\/\/bumbeelabs.com\/da\/wp-json\/wp\/v2\/pages\/2439","targetHints":{"allow":["GET"]}}],"collection":[{"href":"https:\/\/bumbeelabs.com\/da\/wp-json\/wp\/v2\/pages"}],"about":[{"href":"https:\/\/bumbeelabs.com\/da\/wp-json\/wp\/v2\/types\/page"}],"author":[{"embeddable":true,"href":"https:\/\/bumbeelabs.com\/da\/wp-json\/wp\/v2\/users\/3"}],"replies":[{"embeddable":true,"href":"https:\/\/bumbeelabs.com\/da\/wp-json\/wp\/v2\/comments?post=2439"}],"version-history":[{"count":10,"href":"https:\/\/bumbeelabs.com\/da\/wp-json\/wp\/v2\/pages\/2439\/revisions"}],"predecessor-version":[{"id":4467,"href":"https:\/\/bumbeelabs.com\/da\/wp-json\/wp\/v2\/pages\/2439\/revisions\/4467"}],"up":[{"embeddable":true,"href":"https:\/\/bumbeelabs.com\/da\/wp-json\/wp\/v2\/pages\/39"}],"wp:attachment":[{"href":"https:\/\/bumbeelabs.com\/da\/wp-json\/wp\/v2\/media?parent=2439"}],"curies":[{"name":"wp","href":"https:\/\/api.w.org\/{rel}","templated":true}]}}