{"id":2170,"date":"2025-12-05T12:39:14","date_gmt":"2025-12-05T12:39:14","guid":{"rendered":"https:\/\/bumbeelabs.com\/?page_id=2170"},"modified":"2026-03-21T06:13:49","modified_gmt":"2026-03-21T06:13:49","slug":"casestudier-for-partnere","status":"publish","type":"page","link":"https:\/\/bumbeelabs.com\/da\/partners\/case-studies-for-partners\/","title":{"rendered":"Casestudier for partnere"},"content":{"rendered":"<div data-elementor-type=\"wp-page\" data-elementor-id=\"2170\" class=\"elementor elementor-2170\" data-elementor-post-type=\"page\">\n\t\t\t\t<div class=\"elementor-element elementor-element-bcc7a58 e-con-full banner_section e-flex e-con e-parent\" data-id=\"bcc7a58\" data-element_type=\"container\" data-e-type=\"container\">\n\t\t<div class=\"elementor-element elementor-element-815a7ba e-con-full e-flex e-con e-child\" data-id=\"815a7ba\" data-element_type=\"container\" data-e-type=\"container\" data-settings=\"{&quot;background_background&quot;:&quot;classic&quot;}\">\n\t\t<div class=\"elementor-element elementor-element-daf883c e-flex e-con-boxed e-con e-child\" data-id=\"daf883c\" data-element_type=\"container\" data-e-type=\"container\">\n\t\t\t\t\t<div class=\"e-con-inner\">\n\t\t\t\t<div class=\"elementor-element elementor-element-149d329 elementor-widget__width-initial elementor-widget elementor-widget-heading\" data-id=\"149d329\" data-element_type=\"widget\" data-e-type=\"widget\" data-widget_type=\"heading.default\">\n\t\t\t\t\t<h1 class=\"elementor-heading-title elementor-size-default\">Bumbee Labs Partner Case Studies \u2014 Real Results Across Every Industry\n<\/h1>\t\t\t\t<\/div>\n\t\t\t\t<div class=\"elementor-element elementor-element-36a94df elementor-widget__width-initial elementor-widget elementor-widget-heading\" data-id=\"36a94df\" data-element_type=\"widget\" data-e-type=\"widget\" data-widget_type=\"heading.default\">\n\t\t\t\t\t<h2 class=\"elementor-heading-title elementor-size-default\">Opdag, hvordan partnere bruger Bumbee Labs\u2019 bes\u00f8gsanalyser til at vinde forretning i detailhandlen, indk\u00f8bscentre, transport, museer og smarte byer.<\/h2>\t\t\t\t<\/div>\n\t\t\t\t\t<\/div>\n\t\t\t\t<\/div>\n\t\t\t\t<\/div>\n\t\t\t\t<\/div>\n\t\t<div class=\"elementor-element elementor-element-a9128fd e-con-full e-flex e-con e-parent\" data-id=\"a9128fd\" data-element_type=\"container\" data-e-type=\"container\" data-settings=\"{&quot;background_background&quot;:&quot;classic&quot;}\">\n\t\t<div class=\"elementor-element elementor-element-7984098 e-flex e-con-boxed e-con e-child\" data-id=\"7984098\" data-element_type=\"container\" data-e-type=\"container\">\n\t\t\t\t\t<div class=\"e-con-inner\">\n\t\t<div class=\"elementor-element elementor-element-8bab338 e-con-full e-flex e-con e-child\" data-id=\"8bab338\" data-element_type=\"container\" data-e-type=\"container\">\n\t\t\t\t<div class=\"elementor-element elementor-element-143047c elementor-widget elementor-widget-heading\" data-id=\"143047c\" data-element_type=\"widget\" data-e-type=\"widget\" data-widget_type=\"heading.default\">\n\t\t\t\t\t<h2 class=\"elementor-heading-title elementor-size-default\"><a href=\"https:\/\/bumbeelabs.com\/da\">Hjem<\/a><\/h2>\t\t\t\t<\/div>\n\t\t\t\t<div class=\"elementor-element elementor-element-a295da7 elementor-view-default elementor-widget elementor-widget-icon\" data-id=\"a295da7\" data-element_type=\"widget\" data-e-type=\"widget\" data-widget_type=\"icon.default\">\n\t\t\t\t\t\t\t<div class=\"elementor-icon-wrapper\">\n\t\t\t<div class=\"elementor-icon\">\n\t\t\t<svg xmlns=\"http:\/\/www.w3.org\/2000\/svg\" width=\"8\" height=\"14\" viewbox=\"0 0 8 14\" fill=\"none\"><path d=\"M1 1L7 7L1 13\" stroke=\"black\" stroke-width=\"2\" stroke-linecap=\"round\" stroke-linejoin=\"round\"><\/path><\/svg>\t\t\t<\/div>\n\t\t<\/div>\n\t\t\t\t\t\t<\/div>\n\t\t\t\t<div class=\"elementor-element elementor-element-18078fd elementor-widget elementor-widget-heading\" data-id=\"18078fd\" data-element_type=\"widget\" data-e-type=\"widget\" data-widget_type=\"heading.default\">\n\t\t\t\t\t<h2 class=\"elementor-heading-title elementor-size-default\"><a href=\"https:\/\/bumbeelabs.com\/da\/partnere\/\">Partnere<\/a><\/h2>\t\t\t\t<\/div>\n\t\t\t\t<div class=\"elementor-element elementor-element-2e9823e elementor-view-default elementor-widget elementor-widget-icon\" data-id=\"2e9823e\" data-element_type=\"widget\" data-e-type=\"widget\" data-widget_type=\"icon.default\">\n\t\t\t\t\t\t\t<div class=\"elementor-icon-wrapper\">\n\t\t\t<div class=\"elementor-icon\">\n\t\t\t<svg xmlns=\"http:\/\/www.w3.org\/2000\/svg\" width=\"8\" height=\"14\" viewbox=\"0 0 8 14\" fill=\"none\"><path d=\"M1 1L7 7L1 13\" stroke=\"black\" stroke-width=\"2\" stroke-linecap=\"round\" stroke-linejoin=\"round\"><\/path><\/svg>\t\t\t<\/div>\n\t\t<\/div>\n\t\t\t\t\t\t<\/div>\n\t\t\t\t<div class=\"elementor-element elementor-element-acee6bf elementor-widget elementor-widget-heading\" data-id=\"acee6bf\" data-element_type=\"widget\" data-e-type=\"widget\" data-widget_type=\"heading.default\">\n\t\t\t\t\t<h2 class=\"elementor-heading-title elementor-size-default\">Casestudier for partnere<\/h2>\t\t\t\t<\/div>\n\t\t\t\t<\/div>\n\t\t\t\t\t<\/div>\n\t\t\t\t<\/div>\n\t\t<div class=\"elementor-element elementor-element-348f28e e-flex e-con-boxed e-con e-child\" data-id=\"348f28e\" data-element_type=\"container\" data-e-type=\"container\">\n\t\t\t\t\t<div class=\"e-con-inner\">\n\t\t\t\t<div class=\"elementor-element elementor-element-746431d elementor-widget elementor-widget-heading\" data-id=\"746431d\" data-element_type=\"widget\" data-e-type=\"widget\" data-widget_type=\"heading.default\">\n\t\t\t\t\t<h2 class=\"elementor-heading-title elementor-size-default\"> Bevis p\u00e5 partnernes succes<\/h2>\t\t\t\t<\/div>\n\t\t\t\t<div class=\"elementor-element elementor-element-34daba2 elementor-widget__width-initial elementor-widget-laptop__width-inherit elementor-widget elementor-widget-heading\" data-id=\"34daba2\" data-element_type=\"widget\" data-e-type=\"widget\" data-widget_type=\"heading.default\">\n\t\t\t\t\t<h2 class=\"elementor-heading-title elementor-size-default\">Rigtige kundecases, der viser m\u00e5lbar effekt.<\/h2>\t\t\t\t<\/div>\n\t\t<div class=\"elementor-element elementor-element-1a267fa e-con-full e-flex e-con e-child\" data-id=\"1a267fa\" data-element_type=\"container\" data-e-type=\"container\">\n\t\t<div class=\"elementor-element elementor-element-46ae27b e-con-full e-flex e-con e-child\" data-id=\"46ae27b\" data-element_type=\"container\" data-e-type=\"container\">\n\t\t\t\t<div class=\"elementor-element elementor-element-52f66a1 elementor-widget elementor-widget-image\" data-id=\"52f66a1\" data-element_type=\"widget\" data-e-type=\"widget\" data-widget_type=\"image.default\">\n\t\t\t\t\t\t\t\t\t\t\t\t\t\t\t<img fetchpriority=\"high\" decoding=\"async\" width=\"711\" height=\"688\" src=\"https:\/\/bumbeelabs.com\/wp-content\/uploads\/2025\/12\/Mask-group-3.png\" class=\"attachment-full size-full wp-image-2186\" alt=\"Kunde konverteringsanalyse\" srcset=\"https:\/\/bumbeelabs.com\/wp-content\/uploads\/2025\/12\/Mask-group-3.png 711w, https:\/\/bumbeelabs.com\/wp-content\/uploads\/2025\/12\/Mask-group-3-300x290.png 300w\" sizes=\"(max-width: 711px) 100vw, 711px\" \/>\t\t\t\t\t\t\t\t\t\t\t\t\t\t\t<\/div>\n\t\t\t\t<\/div>\n\t\t<div class=\"elementor-element elementor-element-c0c0eda e-con-full e-flex e-con e-child\" data-id=\"c0c0eda\" data-element_type=\"container\" data-e-type=\"container\">\n\t\t\t\t<div class=\"elementor-element elementor-element-4fbc441 elementor-widget elementor-widget-text-editor\" data-id=\"4fbc441\" data-element_type=\"widget\" data-e-type=\"widget\" data-widget_type=\"text-editor.default\">\n\t\t\t\t\t\t\t\t\t<p align=\"left\">Vores partnere vinder aftaler og leverer v\u00e6rdi med Bumbee Labs\u2019 l\u00f8sninger p\u00e5 tv\u00e6rs af brancher<\/p>\t\t\t\t\t\t\t\t<\/div>\n\t\t\t\t<div class=\"elementor-element elementor-element-47f2756 elementor-laptop-align-start elementor-icon-list--layout-traditional elementor-list-item-link-full_width elementor-widget elementor-widget-icon-list\" data-id=\"47f2756\" data-element_type=\"widget\" data-e-type=\"widget\" data-widget_type=\"icon-list.default\">\n\t\t\t\t\t\t\t<ul class=\"elementor-icon-list-items\">\n\t\t\t\t\t\t\t<li class=\"elementor-icon-list-item\">\n\t\t\t\t\t\t\t\t\t\t\t<span class=\"elementor-icon-list-icon\">\n\t\t\t\t\t\t\t<svg xmlns=\"http:\/\/www.w3.org\/2000\/svg\" width=\"24\" height=\"24\" viewbox=\"0 0 24 24\" fill=\"none\"><mask id=\"mask0_117_11214\" style=\"mask-type:luminance\" maskunits=\"userSpaceOnUse\" x=\"1\" y=\"1\" width=\"22\" height=\"22\"><path d=\"M12 22C17.523 22 22 17.523 22 12C22 6.477 17.523 2 12 2C6.477 2 2 6.477 2 12C2 17.523 6.477 22 12 22Z\" fill=\"white\" stroke=\"white\" stroke-width=\"2\" stroke-linejoin=\"round\"><\/path><path d=\"M10.5 16.5L15 12L10.5 7.5\" stroke=\"black\" stroke-width=\"2\" stroke-linecap=\"round\" stroke-linejoin=\"round\"><\/path><\/mask><g mask=\"url(#mask0_117_11214)\"><path d=\"M0 0H24V24H0V0Z\" fill=\"#1E3D59\"><\/path><\/g><\/svg>\t\t\t\t\t\t<\/span>\n\t\t\t\t\t\t\t\t\t\t<span class=\"elementor-icon-list-text\"><span class=\"headingBold\">Detailhandelsk\u00e6der<\/span> - 10%-besparelser p\u00e5 markedsf\u00f8ringsomkostninger, samtidig med at kundekonverteringen \u00f8ges.<\/span>\n\t\t\t\t\t\t\t\t\t<\/li>\n\t\t\t\t\t\t\t\t<li class=\"elementor-icon-list-item\">\n\t\t\t\t\t\t\t\t\t\t\t<span class=\"elementor-icon-list-icon\">\n\t\t\t\t\t\t\t<svg xmlns=\"http:\/\/www.w3.org\/2000\/svg\" width=\"24\" height=\"24\" viewbox=\"0 0 24 24\" fill=\"none\"><mask id=\"mask0_117_11214\" style=\"mask-type:luminance\" maskunits=\"userSpaceOnUse\" x=\"1\" y=\"1\" width=\"22\" height=\"22\"><path d=\"M12 22C17.523 22 22 17.523 22 12C22 6.477 17.523 2 12 2C6.477 2 2 6.477 2 12C2 17.523 6.477 22 12 22Z\" fill=\"white\" stroke=\"white\" stroke-width=\"2\" stroke-linejoin=\"round\"><\/path><path d=\"M10.5 16.5L15 12L10.5 7.5\" stroke=\"black\" stroke-width=\"2\" stroke-linecap=\"round\" stroke-linejoin=\"round\"><\/path><\/mask><g mask=\"url(#mask0_117_11214)\"><path d=\"M0 0H24V24H0V0Z\" fill=\"#1E3D59\"><\/path><\/g><\/svg>\t\t\t\t\t\t<\/span>\n\t\t\t\t\t\t\t\t\t\t<span class=\"elementor-icon-list-text\"><span class=\"headingBold\">Indk\u00f8bscentre<\/span>  Lejemodeller baseret p\u00e5 antal bes\u00f8gende, ikke salg.<\/span>\n\t\t\t\t\t\t\t\t\t<\/li>\n\t\t\t\t\t\t\t\t<li class=\"elementor-icon-list-item\">\n\t\t\t\t\t\t\t\t\t\t\t<span class=\"elementor-icon-list-icon\">\n\t\t\t\t\t\t\t<svg xmlns=\"http:\/\/www.w3.org\/2000\/svg\" width=\"24\" height=\"24\" viewbox=\"0 0 24 24\" fill=\"none\"><mask id=\"mask0_117_11214\" style=\"mask-type:luminance\" maskunits=\"userSpaceOnUse\" x=\"1\" y=\"1\" width=\"22\" height=\"22\"><path d=\"M12 22C17.523 22 22 17.523 22 12C22 6.477 17.523 2 12 2C6.477 2 2 6.477 2 12C2 17.523 6.477 22 12 22Z\" fill=\"white\" stroke=\"white\" stroke-width=\"2\" stroke-linejoin=\"round\"><\/path><path d=\"M10.5 16.5L15 12L10.5 7.5\" stroke=\"black\" stroke-width=\"2\" stroke-linecap=\"round\" stroke-linejoin=\"round\"><\/path><\/mask><g mask=\"url(#mask0_117_11214)\"><path d=\"M0 0H24V24H0V0Z\" fill=\"#1E3D59\"><\/path><\/g><\/svg>\t\t\t\t\t\t<\/span>\n\t\t\t\t\t\t\t\t\t\t<span class=\"elementor-icon-list-text\"><span class=\"headingBold\">Smarte byer-<\/span>  Forbedret bes\u00f8gsflow og offentlig sikkerhed med prisbel\u00f8nnede resultater.<\/span>\n\t\t\t\t\t\t\t\t\t<\/li>\n\t\t\t\t\t\t\t\t<li class=\"elementor-icon-list-item\">\n\t\t\t\t\t\t\t\t\t\t\t<span class=\"elementor-icon-list-icon\">\n\t\t\t\t\t\t\t<svg xmlns=\"http:\/\/www.w3.org\/2000\/svg\" width=\"24\" height=\"24\" viewbox=\"0 0 24 24\" fill=\"none\"><mask id=\"mask0_117_11214\" style=\"mask-type:luminance\" maskunits=\"userSpaceOnUse\" x=\"1\" y=\"1\" width=\"22\" height=\"22\"><path d=\"M12 22C17.523 22 22 17.523 22 12C22 6.477 17.523 2 12 2C6.477 2 2 6.477 2 12C2 17.523 6.477 22 12 22Z\" fill=\"white\" stroke=\"white\" stroke-width=\"2\" stroke-linejoin=\"round\"><\/path><path d=\"M10.5 16.5L15 12L10.5 7.5\" stroke=\"black\" stroke-width=\"2\" stroke-linecap=\"round\" stroke-linejoin=\"round\"><\/path><\/mask><g mask=\"url(#mask0_117_11214)\"><path d=\"M0 0H24V24H0V0Z\" fill=\"#1E3D59\"><\/path><\/g><\/svg>\t\t\t\t\t\t<\/span>\n\t\t\t\t\t\t\t\t\t\t<span class=\"elementor-icon-list-text\"><span class=\"headingBold\">Offentlig transport<\/span>  Optimerede ruter og reducerede omkostninger gennem indsigt i pendlere.<\/span>\n\t\t\t\t\t\t\t\t\t<\/li>\n\t\t\t\t\t\t\t\t<li class=\"elementor-icon-list-item\">\n\t\t\t\t\t\t\t\t\t\t\t<span class=\"elementor-icon-list-icon\">\n\t\t\t\t\t\t\t<svg xmlns=\"http:\/\/www.w3.org\/2000\/svg\" width=\"24\" height=\"24\" viewbox=\"0 0 24 24\" fill=\"none\"><mask id=\"mask0_117_11214\" style=\"mask-type:luminance\" maskunits=\"userSpaceOnUse\" x=\"1\" y=\"1\" width=\"22\" height=\"22\"><path d=\"M12 22C17.523 22 22 17.523 22 12C22 6.477 17.523 2 12 2C6.477 2 2 6.477 2 12C2 17.523 6.477 22 12 22Z\" fill=\"white\" stroke=\"white\" stroke-width=\"2\" stroke-linejoin=\"round\"><\/path><path d=\"M10.5 16.5L15 12L10.5 7.5\" stroke=\"black\" stroke-width=\"2\" stroke-linecap=\"round\" stroke-linejoin=\"round\"><\/path><\/mask><g mask=\"url(#mask0_117_11214)\"><path d=\"M0 0H24V24H0V0Z\" fill=\"#1E3D59\"><\/path><\/g><\/svg>\t\t\t\t\t\t<\/span>\n\t\t\t\t\t\t\t\t\t\t<span class=\"elementor-icon-list-text\"><span class=\"headingBold\">Museer og forlystelsesparker<\/span> Forbedrede bes\u00f8gsoplevelser ved at forst\u00e5 varme og kolde zoner.<\/span>\n\t\t\t\t\t\t\t\t\t<\/li>\n\t\t\t\t\t\t<\/ul>\n\t\t\t\t\t\t<\/div>\n\t\t\t\t<div class=\"elementor-element elementor-element-4adb0ae elementor-widget elementor-widget-text-editor\" data-id=\"4adb0ae\" data-element_type=\"widget\" data-e-type=\"widget\" data-widget_type=\"text-editor.default\">\n\t\t\t\t\t\t\t\t\t<p>Disse cases hj\u00e6lper partnere <span class=\"headingBold\">demonstrere ROI, sikre nye kontrakter og udvide til nye brancher.<\/span><\/p>\t\t\t\t\t\t\t\t<\/div>\n\t\t\t\t<div class=\"elementor-element elementor-element-8578756 elementor-widget__width-auto elementor-widget elementor-widget-button\" data-id=\"8578756\" data-element_type=\"widget\" data-e-type=\"widget\" data-widget_type=\"button.default\">\n\t\t\t\t\t\t\t\t\t\t<a class=\"elementor-button elementor-button-link elementor-size-sm\" href=\"#\">\n\t\t\t\t\t\t<span class=\"elementor-button-content-wrapper\">\n\t\t\t\t\t\t\t\t\t<span class=\"elementor-button-text\"> Udforsk casestudier<\/span>\n\t\t\t\t\t<\/span>\n\t\t\t\t\t<\/a>\n\t\t\t\t\t\t\t\t<\/div>\n\t\t\t\t<\/div>\n\t\t\t\t<\/div>\n\t\t\t\t\t<\/div>\n\t\t\t\t<\/div>\n\t\t\t\t<\/div>\n\t\t<div class=\"elementor-element elementor-element-e4eed7f e-con-full e-flex e-con e-parent\" data-id=\"e4eed7f\" data-element_type=\"container\" data-e-type=\"container\">\n\t\t<div class=\"elementor-element elementor-element-dd8824c e-flex e-con-boxed e-con e-child\" data-id=\"dd8824c\" data-element_type=\"container\" data-e-type=\"container\">\n\t\t\t\t\t<div class=\"e-con-inner\">\n\t\t<div class=\"elementor-element elementor-element-b312c71 e-con-full e-flex e-con e-child\" data-id=\"b312c71\" data-element_type=\"container\" data-e-type=\"container\">\n\t\t<div class=\"elementor-element elementor-element-55e5e67 e-con-full e-flex e-con e-child\" data-id=\"55e5e67\" data-element_type=\"container\" data-e-type=\"container\">\n\t\t\t\t<div class=\"elementor-element elementor-element-2c13b79 elementor-widget elementor-widget-image\" data-id=\"2c13b79\" data-element_type=\"widget\" data-e-type=\"widget\" data-widget_type=\"image.default\">\n\t\t\t\t\t\t\t\t\t\t\t\t\t\t\t<img decoding=\"async\" width=\"741\" height=\"493\" src=\"https:\/\/bumbeelabs.com\/wp-content\/uploads\/2025\/11\/13450315_OrgCoral_Eco-01_Concept-06-1.png\" class=\"attachment-full size-full wp-image-263\" alt=\"Grafik for b\u00e6redygtig byplanl\u00e6gning\" srcset=\"https:\/\/bumbeelabs.com\/wp-content\/uploads\/2025\/11\/13450315_OrgCoral_Eco-01_Concept-06-1.png 741w, https:\/\/bumbeelabs.com\/wp-content\/uploads\/2025\/11\/13450315_OrgCoral_Eco-01_Concept-06-1-300x200.png 300w\" sizes=\"(max-width: 741px) 100vw, 741px\" \/>\t\t\t\t\t\t\t\t\t\t\t\t\t\t\t<\/div>\n\t\t\t\t<\/div>\n\t\t<div class=\"elementor-element elementor-element-4433087 e-con-full message-custom-form e-flex e-con e-child\" data-id=\"4433087\" data-element_type=\"container\" data-e-type=\"container\">\n\t\t\t\t<div class=\"elementor-element elementor-element-819bd1d elementor-widget elementor-widget-heading\" data-id=\"819bd1d\" data-element_type=\"widget\" data-e-type=\"widget\" data-widget_type=\"heading.default\">\n\t\t\t\t\t<h2 class=\"elementor-heading-title elementor-size-default\">Lad os vokse sammen<\/h2>\t\t\t\t<\/div>\n\t\t\t\t<div class=\"elementor-element elementor-element-4461290 elementor-widget elementor-widget-text-editor\" data-id=\"4461290\" data-element_type=\"widget\" data-e-type=\"widget\" data-widget_type=\"text-editor.default\">\n\t\t\t\t\t\t\t\t\t<p>Bliv en del af Bumbee Labs' partnernetv\u00e6rk, og bring verdens f\u00f8rende fodg\u00e6ngeranalyser til dine kunder. Sammen skaber vi smartere rum, st\u00e6rkere f\u00e6llesskaber og profitabel v\u00e6kst.<\/p>\t\t\t\t\t\t\t\t<\/div>\n\t\t\t\t<div class=\"elementor-element elementor-element-9083467 contact-form-shortcode elementor-widget elementor-widget-shortcode\" data-id=\"9083467\" data-element_type=\"widget\" data-e-type=\"widget\" data-widget_type=\"shortcode.default\">\n\t\t\t\t\t\t\t<div class=\"elementor-shortcode\">\n<div class=\"wpcf7 no-js\" id=\"wpcf7-f1276-o1\" lang=\"en-US\" dir=\"ltr\" data-wpcf7-id=\"1276\">\n<div class=\"screen-reader-response\"><p role=\"status\" aria-live=\"polite\" aria-atomic=\"true\"><\/p> <ul><\/ul><\/div>\n<form action=\"\/da\/wp-json\/wp\/v2\/pages\/2170#wpcf7-f1276-o1\" method=\"post\" class=\"wpcf7-form init\" aria-label=\"Kontaktformular\" novalidate=\"novalidate\" data-status=\"init\" data-trp-original-action=\"\/da\/wp-json\/wp\/v2\/pages\/2170#wpcf7-f1276-o1\">\n<fieldset class=\"hidden-fields-container\"><input type=\"hidden\" name=\"_wpcf7\" value=\"1276\" \/><input type=\"hidden\" name=\"_wpcf7_version\" value=\"6.1.5\" \/><input type=\"hidden\" name=\"_wpcf7_locale\" value=\"en_US\" \/><input type=\"hidden\" name=\"_wpcf7_unit_tag\" value=\"wpcf7-f1276-o1\" \/><input type=\"hidden\" name=\"_wpcf7_container_post\" value=\"0\" \/><input type=\"hidden\" name=\"_wpcf7_posted_data_hash\" value=\"\" \/><input type=\"hidden\" name=\"_wpcf7_recaptcha_response\" value=\"\" \/>\n<\/fieldset>\n<div class=\"contact-form-field\">\n\t<p><span class=\"wpcf7-form-control-wrap\" data-name=\"your-name\"><input size=\"40\" maxlength=\"400\" class=\"wpcf7-form-control wpcf7-text wpcf7-validates-as-required\" autocomplete=\"name\" aria-required=\"true\" aria-invalid=\"false\" placeholder=\"Navn*\" value=\"\" type=\"text\" name=\"your-name\" \/><\/span><br \/>\n<span class=\"wpcf7-form-control-wrap\" data-name=\"text-company\"><input size=\"40\" maxlength=\"400\" class=\"wpcf7-form-control wpcf7-text wpcf7-validates-as-required\" aria-required=\"true\" aria-invalid=\"false\" placeholder=\"Virksomhed*\" value=\"\" type=\"text\" name=\"text-company\" \/><\/span><br \/>\n<span class=\"wpcf7-form-control-wrap\" data-name=\"your-email\"><input size=\"40\" maxlength=\"400\" class=\"wpcf7-form-control wpcf7-email wpcf7-validates-as-required wpcf7-text wpcf7-validates-as-email\" autocomplete=\"email\" aria-required=\"true\" aria-invalid=\"false\" placeholder=\"Din mail*\" value=\"\" type=\"email\" name=\"your-email\" \/><\/span><br \/>\n<span class=\"wpcf7-form-control-wrap\" data-name=\"your-message\"><textarea cols=\"40\" rows=\"3\" maxlength=\"2000\" class=\"wpcf7-form-control wpcf7-textarea\" aria-invalid=\"false\" placeholder=\"Besked\" name=\"your-message\"><\/textarea><\/span><br \/>\n\t<input class=\"wpcf7-form-control wpcf7-hidden\" value=\"\" type=\"hidden\" name=\"page-title\" \/>\n\t<\/p>\n<\/div>\n<p><input class=\"wpcf7-form-control wpcf7-submit has-spinner\" type=\"submit\" value=\"Indsend\" \/>\n<\/p><p style=\"display: none !important;\" class=\"akismet-fields-container\" data-prefix=\"_wpcf7_ak_\"><label>Delta<textarea name=\"_wpcf7_ak_hp_textarea\" cols=\"45\" rows=\"8\" maxlength=\"100\"><\/textarea><\/label><input type=\"hidden\" id=\"ak_js_1\" name=\"_wpcf7_ak_js\" value=\"174\"\/><script>document.getElementById( \"ak_js_1\" ).setAttribute( \"value\", ( new Date() ).getTime() );<\/script><\/p><div class=\"wpcf7-response-output\" aria-hidden=\"true\"><\/div>\n<input type=\"hidden\" name=\"trp-form-language\" value=\"da\"\/><\/form>\n<\/div>\n<\/div>\n\t\t\t\t\t\t<\/div>\n\t\t\t\t<\/div>\n\t\t\t\t<\/div>\n\t\t\t\t\t<\/div>\n\t\t\t\t<\/div>\n\t\t\t\t<\/div>\n\t\t\t\t<\/div>","protected":false},"excerpt":{"rendered":"<p>Bumbee Labs Partner Case Studies \u2014 Real Results Across Every Industry Discover how partners use Bumbee Labs\u2019 visitor analytics to win business in retail, malls, transport, museums, and smart cities. Home Partners Case Studies for Partners Proof of Partner Success Real customer cases that show measurable impact. Our partners win deals and deliver value with [&hellip;]<\/p>\n","protected":false},"author":3,"featured_media":0,"parent":39,"menu_order":0,"comment_status":"closed","ping_status":"closed","template":"","meta":{"footnotes":""},"class_list":["post-2170","page","type-page","status-publish","hentry"],"_links":{"self":[{"href":"https:\/\/bumbeelabs.com\/da\/wp-json\/wp\/v2\/pages\/2170","targetHints":{"allow":["GET"]}}],"collection":[{"href":"https:\/\/bumbeelabs.com\/da\/wp-json\/wp\/v2\/pages"}],"about":[{"href":"https:\/\/bumbeelabs.com\/da\/wp-json\/wp\/v2\/types\/page"}],"author":[{"embeddable":true,"href":"https:\/\/bumbeelabs.com\/da\/wp-json\/wp\/v2\/users\/3"}],"replies":[{"embeddable":true,"href":"https:\/\/bumbeelabs.com\/da\/wp-json\/wp\/v2\/comments?post=2170"}],"version-history":[{"count":10,"href":"https:\/\/bumbeelabs.com\/da\/wp-json\/wp\/v2\/pages\/2170\/revisions"}],"predecessor-version":[{"id":4480,"href":"https:\/\/bumbeelabs.com\/da\/wp-json\/wp\/v2\/pages\/2170\/revisions\/4480"}],"up":[{"embeddable":true,"href":"https:\/\/bumbeelabs.com\/da\/wp-json\/wp\/v2\/pages\/39"}],"wp:attachment":[{"href":"https:\/\/bumbeelabs.com\/da\/wp-json\/wp\/v2\/media?parent=2170"}],"curies":[{"name":"wp","href":"https:\/\/api.w.org\/{rel}","templated":true}]}}